{"id":4499,"date":"2020-09-24T15:21:56","date_gmt":"2020-09-24T13:21:56","guid":{"rendered":"https:\/\/startingfrance.com\/?page_id=4499"},"modified":"2024-11-06T11:51:26","modified_gmt":"2024-11-06T10:51:26","slug":"nos-packs-services-vente-directe","status":"publish","type":"page","link":"https:\/\/startingfrance.com\/fr\/nos-packs-services-vente-directe\/","title":{"rendered":"Nos packs services vente directe"},"content":{"rendered":"\n<div class=\"wp-block-columns is-layout-flex wp-container-core-columns-is-layout-28f84493 wp-block-columns-is-layout-flex\">\n<div class=\"wp-block-column is-layout-flow wp-block-column-is-layout-flow\">\n<p><\/p>\n\n\n\n<p><strong>PACK INBOUND<\/strong><\/p>\n\n\n\n<p>Attirez des prospects allemands qualifi\u00e9s gr\u00e2ce \u00e0 notre strat\u00e9gie de contenu cibl\u00e9e.<\/p>\n\n\n\n<p>Ce pack s\u2019adresse aux entreprises technologiques qui ont d\u00e9j\u00e0 mis en place des actions d\u2019inbound marketing sur le march\u00e9 fran\u00e7ais. Ensemble, nous validons la pertinence de cette strat\u00e9gie pour votre entr\u00e9e sur le march\u00e9 allemand et adaptons vos contenus en cons\u00e9quence. Nous vous accompagnons de la cr\u00e9ation de contenu jusqu\u2019au traitement des leads.<br><br>Notre approche va au-del\u00e0 de l\u2019inbound marketing classique et inclut :<\/p>\n\n\n\n<ul class=\"wp-block-list\">\n<li><strong><strong>R\u00e9seaux sociaux (LinkedIn, Xing, Facebook, X)<\/strong><\/strong> : Nous s\u00e9lectionnons, adaptons et traduisons vos contenus pour maximiser votre visibilit\u00e9 et engagement sur les plateformes pertinentes en Allemagne. Nous g\u00e9rons \u00e9galement vos campagnes sponsoris\u00e9es, comme la promotion de livres blancs.<\/li>\n\n\n\n<li><strong>Site web allemand<\/strong>&nbsp;: Nous adaptons et traduisons tout ou partie de votre site pour qu&rsquo;il soit attractif pour votre audience en Allemagne. Certaines pages peuvent \u00eatre conserv\u00e9es en anglais selon les besoins.<\/li>\n\n\n\n<li><strong>SEO<\/strong> : Am\u00e9liorez votre positionnement en Allemagne gr\u00e2ce \u00e0 l\u2019optimisation de vos contenus et de vos actions SEO.<\/li>\n\n\n\n<li><strong>SEA (Google Ads)<\/strong>&nbsp;: Nous adaptons et traduisons vos campagnes payantes pour g\u00e9n\u00e9rer des clics et conversions en Allemagne.<\/li>\n\n\n\n<li><strong>Gestion des leads<\/strong>&nbsp;: Nous qualifions, n\u00e9gocions et transformons les leads g\u00e9n\u00e9r\u00e9s par ces actions en opportunit\u00e9s concr\u00e8tes.<\/li>\n<\/ul>\n<\/div>\n\n\n\n<div class=\"wp-block-column is-layout-flow wp-block-column-is-layout-flow\">\n<p><\/p>\n\n\n\n<p><strong>PACK OUTBOUND<\/strong><\/p>\n\n\n\n<p>Profitez d\u2019une prospection proactive.<\/p>\n\n\n\n<p><br>Ce pack est id\u00e9al pour les entreprises technologiques souhaitant conqu\u00e9rir le march\u00e9 allemand avec une strat\u00e9gie outbound structur\u00e9e. Nous nous appuyons sur notre r\u00e9seau et sur des outils puissants pour identifier, contacter et convertir des prospects.<\/p>\n\n\n\n<p>Les actions incluses :<\/p>\n\n\n\n<ul class=\"wp-block-list\">\n<li><strong>Prospection directe<\/strong> : Nous identifions et approchons des clients finaux en mobilisant notre r\u00e9seau, les r\u00e9seaux sociaux et nos outils de recherche. Nous confirmons leur potentiel d\u2019achat et n\u00e9gocions les termes jusqu\u2019\u00e0 l\u2019obtention d\u2019un bon de commande.<\/li>\n\n\n\n<li><strong>Salons professionnels<\/strong> : Nous vous conseillons sur les \u00e9v\u00e9nements pertinents, pr\u00e9parons votre participation et assurons un suivi post-\u00e9v\u00e9nement afin de transformer vos contacts en opportunit\u00e9s.<\/li>\n<\/ul>\n<\/div>\n\n\n\n<div class=\"wp-block-column is-layout-flow wp-block-column-is-layout-flow\">\n<p><\/p>\n\n\n\n<p id=\"block-1e1dbb28-5cb2-4d8e-b350-5757bff20648\"><strong>PACK ALL INCLUSIVE<\/strong><\/p>\n\n\n\n<p>Maximisez vos chances de succ\u00e8s avec une approche combin\u00e9e Inbound et Outbound.<\/p>\n\n\n\n<p id=\"block-7e66260d-e982-4eea-81a2-f2066d49b82f\">Ce pack regroupe l\u2019ensemble des actions des packs Inbound et Outbound ci-dessus pour une strat\u00e9gie compl\u00e8te, incluant :<\/p>\n\n\n\n<ul id=\"block-1876a970-1d15-42cb-8f51-3481d15a21bc\" class=\"wp-block-list\">\n<li><strong>R\u00e9seaux sociaux (LinkedIn, Xing, Facebook, X)<\/strong><\/li>\n\n\n\n<li><strong>Site web allemand<\/strong><\/li>\n\n\n\n<li><strong>SEO optimis\u00e9<\/strong><\/li>\n\n\n\n<li><strong>SEA (Google Ads)<\/strong><\/li>\n\n\n\n<li><strong>Gestion des leads<\/strong><\/li>\n\n\n\n<li><strong>Prospection directe des clients finaux<\/strong><\/li>\n\n\n\n<li><strong>Participation et suivi des salons professionnels<\/strong><\/li>\n<\/ul>\n<\/div>\n<\/div>\n\n\n\n<p><br><strong>Pourquoi choisir StartingFrance ?<\/strong><\/p>\n\n\n\n<p>Fort de plus de 15 ans d\u2019exp\u00e9rience, StartingFrance vous accompagne dans le d\u00e9veloppement de votre business en Allemagne. Que ce soit pour attirer des clients finaux ou \u00e9tablir des partenariats strat\u00e9giques, nous mettons en place des strat\u00e9gies sur-mesure, adapt\u00e9es \u00e0 vos objectifs et \u00e0 la sp\u00e9cificit\u00e9 du march\u00e9 allemand.<\/p>\n\n\n\n<p><strong>Commencez votre conqu\u00eate du march\u00e9 allemand d\u00e8s aujourd&rsquo;hui !<\/strong><\/p>\n\n\n\n<p><\/p>\n\n\n\n<p><\/p>\n\n\n\n<h3 class=\"wp-block-heading\">FAQ<\/h3>\n\n\n\n<p><\/p>\n\n\n\n<details class=\"wp-block-details is-layout-flow wp-block-details-is-layout-flow\"><summary><strong>Quelle est la diff\u00e9rence entre les packs Inbound et Outbound ?<\/strong><\/summary>\n<p>Le pack <strong>Inbound<\/strong> se concentre sur l\u2019attraction de prospects via des strat\u00e9gies de contenu (SEO, r\u00e9seaux sociaux, campagnes sponsoris\u00e9es) pour susciter l&rsquo;int\u00e9r\u00eat des clients en Allemagne. Il est id\u00e9al si vous avez d\u00e9j\u00e0 une strat\u00e9gie d&rsquo;inbound marketing en place en France.<br>Le pack <strong>Outbound<\/strong>, quant \u00e0 lui, mise sur la prospection active : nous identifions, contactons et engageons directement les prospects potentiels en utilisant notre r\u00e9seau et des m\u00e9thodes de vente directe comme LinkedIn, email ou t\u00e9l\u00e9phone.<\/p>\n<\/details>\n\n\n\n<p><\/p>\n\n\n\n<p><\/p>\n\n\n\n<details class=\"wp-block-details is-layout-flow wp-block-details-is-layout-flow\"><summary><strong>Comment savoir quel pack correspond le mieux \u00e0 mon entreprise ?<\/strong><\/summary>\n<p>Si votre entreprise a d\u00e9j\u00e0 mis en place une strat\u00e9gie d\u2019inbound marketing et que vous souhaitez l&rsquo;adapter au march\u00e9 allemand, le <strong>pack Inbound<\/strong> est recommand\u00e9. Si vous pr\u00e9f\u00e9rez une approche proactive avec une prospection directe, le <strong>pack Outbound<\/strong> est plus adapt\u00e9. Le <strong>pack All Inclusive<\/strong> combine les deux approches pour maximiser vos chances de succ\u00e8s. Lors d\u2019un entretien, nous analysons ensemble vos objectifs et votre maturit\u00e9 sur le march\u00e9 pour choisir la solution la plus efficace.<\/p>\n<\/details>\n\n\n\n<p><\/p>\n\n\n\n<p><\/p>\n\n\n\n<details class=\"wp-block-details is-layout-flow wp-block-details-is-layout-flow\"><summary><strong>Quels r\u00e9sultats puis-je attendre avec vos services en Allemagne ?<\/strong><\/summary>\n<p>Nos services sont con\u00e7us pour g\u00e9n\u00e9rer des r\u00e9sultats concrets sur le march\u00e9 allemand, qu&rsquo;il s&rsquo;agisse de leads qualifi\u00e9s, d\u2019opportunit\u00e9s de partenariat ou de commandes clients. Avec plus de 15 ans d&rsquo;exp\u00e9rience, nous assurons la promotion de votre technologie en Allemagne et vous permettons de mettre les meilleures chances de votre c\u00f4t\u00e9&nbsp;pour atteindre vos objectifs commerciaux, en b\u00e9n\u00e9ficiant \u00e9galement de co\u00fbts plus faibles et d\u2019une flexibilit\u00e9 plus grande qu\u2019en recrutant une \u00e9quipe locale.<\/p>\n<\/details>\n\n\n\n<p><\/p>\n\n\n\n<p><\/p>\n","protected":false},"excerpt":{"rendered":"<p>PACK INBOUND Attirez des prospects allemands qualifi\u00e9s gr\u00e2ce \u00e0 notre strat\u00e9gie de contenu cibl\u00e9e. Ce pack s\u2019adresse aux entreprises technologiques qui ont d\u00e9j\u00e0 mis en place [&#8230;] <\/p>\n","protected":false},"author":2,"featured_media":0,"parent":0,"menu_order":0,"comment_status":"closed","ping_status":"closed","template":"page-fullwidth.php","meta":{"footnotes":""},"class_list":["post-4499","page","type-page","status-publish","hentry"],"yoast_head":"<!-- This site is optimized with the Yoast SEO plugin v27.4 - https:\/\/yoast.com\/product\/yoast-seo-wordpress\/ -->\n<title>Nos packs services vente directe - StartingFrance<\/title>\n<meta name=\"description\" content=\"D\u00e9couvrez nos packs service vente directe Inbound et Outbound pour attirer et convertir des prospects en Allemagne.\" \/>\n<meta name=\"robots\" content=\"index, follow, max-snippet:-1, max-image-preview:large, max-video-preview:-1\" \/>\n<link rel=\"canonical\" href=\"https:\/\/startingfrance.com\/fr\/nos-packs-services-vente-directe\/\" \/>\n<meta property=\"og:locale\" content=\"fr_FR\" \/>\n<meta property=\"og:type\" content=\"article\" \/>\n<meta property=\"og:title\" content=\"Nos packs services vente directe - StartingFrance\" \/>\n<meta property=\"og:description\" content=\"D\u00e9couvrez nos packs service vente directe Inbound et Outbound pour attirer et convertir des prospects en Allemagne.\" \/>\n<meta property=\"og:url\" content=\"https:\/\/startingfrance.com\/fr\/nos-packs-services-vente-directe\/\" \/>\n<meta property=\"og:site_name\" content=\"StartingFrance\" \/>\n<meta property=\"article:modified_time\" content=\"2024-11-06T10:51:26+00:00\" \/>\n<meta property=\"og:image\" content=\"https:\/\/startingfrance.com\/sf2020\/wp-content\/uploads\/2020\/01\/startingfrance.jpg\" \/>\n\t<meta property=\"og:image:width\" content=\"800\" \/>\n\t<meta property=\"og:image:height\" content=\"139\" \/>\n\t<meta property=\"og:image:type\" content=\"image\/jpeg\" \/>\n<meta name=\"twitter:card\" content=\"summary_large_image\" \/>\n<meta name=\"twitter:label1\" content=\"Dur\u00e9e de lecture estim\u00e9e\" \/>\n\t<meta name=\"twitter:data1\" content=\"4 minutes\" \/>\n<script type=\"application\/ld+json\" class=\"yoast-schema-graph\">{\"@context\":\"https:\\\/\\\/schema.org\",\"@graph\":[{\"@type\":\"WebPage\",\"@id\":\"https:\\\/\\\/startingfrance.com\\\/fr\\\/nos-packs-services-vente-directe\\\/\",\"url\":\"https:\\\/\\\/startingfrance.com\\\/fr\\\/nos-packs-services-vente-directe\\\/\",\"name\":\"Nos packs services vente directe - StartingFrance\",\"isPartOf\":{\"@id\":\"https:\\\/\\\/startingfrance.com\\\/fr\\\/#website\"},\"datePublished\":\"2020-09-24T13:21:56+00:00\",\"dateModified\":\"2024-11-06T10:51:26+00:00\",\"description\":\"D\u00e9couvrez nos packs service vente directe Inbound et Outbound pour attirer et convertir des prospects en Allemagne.\",\"breadcrumb\":{\"@id\":\"https:\\\/\\\/startingfrance.com\\\/fr\\\/nos-packs-services-vente-directe\\\/#breadcrumb\"},\"inLanguage\":\"fr-FR\",\"potentialAction\":[{\"@type\":\"ReadAction\",\"target\":[\"https:\\\/\\\/startingfrance.com\\\/fr\\\/nos-packs-services-vente-directe\\\/\"]}]},{\"@type\":\"BreadcrumbList\",\"@id\":\"https:\\\/\\\/startingfrance.com\\\/fr\\\/nos-packs-services-vente-directe\\\/#breadcrumb\",\"itemListElement\":[{\"@type\":\"ListItem\",\"position\":1,\"name\":\"Startseite\",\"item\":\"https:\\\/\\\/startingfrance.com\\\/fr\\\/start\\\/\"},{\"@type\":\"ListItem\",\"position\":2,\"name\":\"Nos packs services vente directe\"}]},{\"@type\":\"WebSite\",\"@id\":\"https:\\\/\\\/startingfrance.com\\\/fr\\\/#website\",\"url\":\"https:\\\/\\\/startingfrance.com\\\/fr\\\/\",\"name\":\"StartingFrance\",\"description\":\"Mannheim - Paris\",\"publisher\":{\"@id\":\"https:\\\/\\\/startingfrance.com\\\/fr\\\/#organization\"},\"potentialAction\":[{\"@type\":\"SearchAction\",\"target\":{\"@type\":\"EntryPoint\",\"urlTemplate\":\"https:\\\/\\\/startingfrance.com\\\/fr\\\/?s={search_term_string}\"},\"query-input\":{\"@type\":\"PropertyValueSpecification\",\"valueRequired\":true,\"valueName\":\"search_term_string\"}}],\"inLanguage\":\"fr-FR\"},{\"@type\":\"Organization\",\"@id\":\"https:\\\/\\\/startingfrance.com\\\/fr\\\/#organization\",\"name\":\"StartingFrance\",\"url\":\"https:\\\/\\\/startingfrance.com\\\/fr\\\/\",\"logo\":{\"@type\":\"ImageObject\",\"inLanguage\":\"fr-FR\",\"@id\":\"https:\\\/\\\/startingfrance.com\\\/fr\\\/#\\\/schema\\\/logo\\\/image\\\/\",\"url\":\"https:\\\/\\\/startingfrance.com\\\/sf2020\\\/wp-content\\\/uploads\\\/2020\\\/01\\\/startingfrance.jpg\",\"contentUrl\":\"https:\\\/\\\/startingfrance.com\\\/sf2020\\\/wp-content\\\/uploads\\\/2020\\\/01\\\/startingfrance.jpg\",\"width\":800,\"height\":139,\"caption\":\"StartingFrance\"},\"image\":{\"@id\":\"https:\\\/\\\/startingfrance.com\\\/fr\\\/#\\\/schema\\\/logo\\\/image\\\/\"},\"sameAs\":[\"https:\\\/\\\/www.linkedin.com\\\/company\\\/startingfrance\\\/\"]}]}<\/script>\n<!-- \/ Yoast SEO plugin. -->","yoast_head_json":{"title":"Nos packs services vente directe - StartingFrance","description":"D\u00e9couvrez nos packs service vente directe Inbound et Outbound pour attirer et convertir des prospects en Allemagne.","robots":{"index":"index","follow":"follow","max-snippet":"max-snippet:-1","max-image-preview":"max-image-preview:large","max-video-preview":"max-video-preview:-1"},"canonical":"https:\/\/startingfrance.com\/fr\/nos-packs-services-vente-directe\/","og_locale":"fr_FR","og_type":"article","og_title":"Nos packs services vente directe - StartingFrance","og_description":"D\u00e9couvrez nos packs service vente directe Inbound et Outbound pour attirer et convertir des prospects en Allemagne.","og_url":"https:\/\/startingfrance.com\/fr\/nos-packs-services-vente-directe\/","og_site_name":"StartingFrance","article_modified_time":"2024-11-06T10:51:26+00:00","og_image":[{"width":800,"height":139,"url":"https:\/\/startingfrance.com\/sf2020\/wp-content\/uploads\/2020\/01\/startingfrance.jpg","type":"image\/jpeg"}],"twitter_card":"summary_large_image","twitter_misc":{"Dur\u00e9e de lecture estim\u00e9e":"4 minutes"},"schema":{"@context":"https:\/\/schema.org","@graph":[{"@type":"WebPage","@id":"https:\/\/startingfrance.com\/fr\/nos-packs-services-vente-directe\/","url":"https:\/\/startingfrance.com\/fr\/nos-packs-services-vente-directe\/","name":"Nos packs services vente directe - StartingFrance","isPartOf":{"@id":"https:\/\/startingfrance.com\/fr\/#website"},"datePublished":"2020-09-24T13:21:56+00:00","dateModified":"2024-11-06T10:51:26+00:00","description":"D\u00e9couvrez nos packs service vente directe Inbound et Outbound pour attirer et convertir des prospects en Allemagne.","breadcrumb":{"@id":"https:\/\/startingfrance.com\/fr\/nos-packs-services-vente-directe\/#breadcrumb"},"inLanguage":"fr-FR","potentialAction":[{"@type":"ReadAction","target":["https:\/\/startingfrance.com\/fr\/nos-packs-services-vente-directe\/"]}]},{"@type":"BreadcrumbList","@id":"https:\/\/startingfrance.com\/fr\/nos-packs-services-vente-directe\/#breadcrumb","itemListElement":[{"@type":"ListItem","position":1,"name":"Startseite","item":"https:\/\/startingfrance.com\/fr\/start\/"},{"@type":"ListItem","position":2,"name":"Nos packs services vente directe"}]},{"@type":"WebSite","@id":"https:\/\/startingfrance.com\/fr\/#website","url":"https:\/\/startingfrance.com\/fr\/","name":"StartingFrance","description":"Mannheim - Paris","publisher":{"@id":"https:\/\/startingfrance.com\/fr\/#organization"},"potentialAction":[{"@type":"SearchAction","target":{"@type":"EntryPoint","urlTemplate":"https:\/\/startingfrance.com\/fr\/?s={search_term_string}"},"query-input":{"@type":"PropertyValueSpecification","valueRequired":true,"valueName":"search_term_string"}}],"inLanguage":"fr-FR"},{"@type":"Organization","@id":"https:\/\/startingfrance.com\/fr\/#organization","name":"StartingFrance","url":"https:\/\/startingfrance.com\/fr\/","logo":{"@type":"ImageObject","inLanguage":"fr-FR","@id":"https:\/\/startingfrance.com\/fr\/#\/schema\/logo\/image\/","url":"https:\/\/startingfrance.com\/sf2020\/wp-content\/uploads\/2020\/01\/startingfrance.jpg","contentUrl":"https:\/\/startingfrance.com\/sf2020\/wp-content\/uploads\/2020\/01\/startingfrance.jpg","width":800,"height":139,"caption":"StartingFrance"},"image":{"@id":"https:\/\/startingfrance.com\/fr\/#\/schema\/logo\/image\/"},"sameAs":["https:\/\/www.linkedin.com\/company\/startingfrance\/"]}]}},"featured_image_src":null,"featured_image_src_square":null,"_links":{"self":[{"href":"https:\/\/startingfrance.com\/fr\/wp-json\/wp\/v2\/pages\/4499","targetHints":{"allow":["GET"]}}],"collection":[{"href":"https:\/\/startingfrance.com\/fr\/wp-json\/wp\/v2\/pages"}],"about":[{"href":"https:\/\/startingfrance.com\/fr\/wp-json\/wp\/v2\/types\/page"}],"author":[{"embeddable":true,"href":"https:\/\/startingfrance.com\/fr\/wp-json\/wp\/v2\/users\/2"}],"replies":[{"embeddable":true,"href":"https:\/\/startingfrance.com\/fr\/wp-json\/wp\/v2\/comments?post=4499"}],"version-history":[{"count":0,"href":"https:\/\/startingfrance.com\/fr\/wp-json\/wp\/v2\/pages\/4499\/revisions"}],"wp:attachment":[{"href":"https:\/\/startingfrance.com\/fr\/wp-json\/wp\/v2\/media?parent=4499"}],"curies":[{"name":"wp","href":"https:\/\/api.w.org\/{rel}","templated":true}]}}