{"id":2539,"date":"2018-06-15T21:44:28","date_gmt":"2018-06-15T19:44:28","guid":{"rendered":"https:\/\/startingfrance.com\/nos-portfolio\/partner\/"},"modified":"2025-03-18T14:35:02","modified_gmt":"2025-03-18T13:35:02","slug":"partner","status":"publish","type":"page","link":"https:\/\/startingfrance.com\/fr\/notre-portfolio\/partner\/","title":{"rendered":"Partenaires"},"content":{"rendered":"\n<p><\/p>\n\n\n\n<h4 class=\"wp-block-heading\">IT Forum Rhein-Neckar<\/h4>\n\n\n\n<p>Le r\u00e9seau pour les entreprises du secteur des m\u00e9dias et de l&rsquo;informatique, les institutions communales et les organismes de formation de la r\u00e9gion m\u00e9tropole Rhin\/Neckar.<br><strong><a href=\"https:\/\/itforum.de\/\" target=\"_blank\" rel=\"noreferrer noopener\">En savoir plus<\/a><\/strong><br><\/p>\n\n\n\n<hr class=\"wp-block-separator has-css-opacity is-style-wide\"\/>\n\n\n\n<h4 class=\"wp-block-heading\">PAD &#8211; Partners &amp; Alliances Development<\/h4>\n\n\n\n<p>PAD Consulting d\u00e9veloppe depuis 15 ans une m\u00e9thodologie unique sur le march\u00e9 combinant expertises et outils op\u00e9rationnels pour vous aider \u00e0 structurer et d\u00e9velopper rapidement un r\u00e9seau de Vente Indirecte performant et rentable pour votre entreprise.<br><strong><a href=\"https:\/\/www.pad-consulting.com\/\" target=\"_blank\" rel=\"noreferrer noopener\">En savoir plus<\/a><\/strong><br><\/p>\n\n\n\n<hr class=\"wp-block-separator has-css-opacity is-style-wide\"\/>\n\n\n\n<h4 class=\"wp-block-heading\">Zwipf &amp; Partner<\/h4>\n\n\n\n<p>Cabinet comptable et juridique \u00e0 Hirschberg-Leutershausen.<br><strong><a href=\"https:\/\/www.kanzlei-zwipf.de\/\" target=\"_blank\" rel=\"noreferrer noopener\">En savoir plus<\/a><\/strong><br><\/p>\n\n\n\n<hr class=\"wp-block-separator has-css-opacity is-style-wide\"\/>\n\n\n\n<h4 class=\"wp-block-heading\">Ingrid Haag &#8211; Sprache &amp; Struktur<\/h4>\n\n\n\n<p>Lectorat, r\u00e9daction, textes <br><strong><strong><a href=\"https:\/\/www.ingrid-haag.de\/\" target=\"_blank\" rel=\"noreferrer noopener\">En savoir plus<\/a><\/strong><\/strong><\/p>\n","protected":false},"excerpt":{"rendered":"<p>IT Forum Rhein-Neckar Le r\u00e9seau pour les entreprises du secteur des m\u00e9dias et de l&rsquo;informatique, les institutions communales et les organismes de formation de la r\u00e9gion [&#8230;] <\/p>\n","protected":false},"author":1,"featured_media":0,"parent":1310,"menu_order":0,"comment_status":"closed","ping_status":"closed","template":"","meta":{"footnotes":""},"class_list":["post-2539","page","type-page","status-publish","hentry"],"yoast_head":"<!-- This site is optimized with the Yoast SEO plugin v27.4 - https:\/\/yoast.com\/product\/yoast-seo-wordpress\/ -->\n<title>Partenaires - StartingFrance<\/title>\n<meta name=\"description\" content=\"Nous identifions prospects endusers et partenaires potentiels, nous les enthousiasmons pour votre technologie, nous menons les n\u00e9gociations jusqu\u2019\u00e0 la signature du contrat.\" \/>\n<meta name=\"robots\" content=\"index, follow, max-snippet:-1, max-image-preview:large, max-video-preview:-1\" \/>\n<link rel=\"canonical\" href=\"https:\/\/startingfrance.com\/fr\/notre-portfolio\/partner\/\" \/>\n<meta property=\"og:locale\" content=\"fr_FR\" \/>\n<meta property=\"og:type\" content=\"article\" \/>\n<meta property=\"og:title\" content=\"Partenaires - StartingFrance\" \/>\n<meta property=\"og:description\" content=\"Nous identifions prospects endusers et partenaires potentiels, nous les enthousiasmons pour votre technologie, nous menons les n\u00e9gociations jusqu\u2019\u00e0 la signature du contrat.\" \/>\n<meta property=\"og:url\" content=\"https:\/\/startingfrance.com\/fr\/notre-portfolio\/partner\/\" \/>\n<meta property=\"og:site_name\" content=\"StartingFrance\" \/>\n<meta property=\"article:modified_time\" content=\"2025-03-18T13:35:02+00:00\" \/>\n<meta property=\"og:image\" content=\"https:\/\/startingfrance.com\/sf2020\/wp-content\/uploads\/2020\/01\/startingfrance.jpg\" \/>\n\t<meta property=\"og:image:width\" content=\"800\" \/>\n\t<meta property=\"og:image:height\" content=\"139\" \/>\n\t<meta property=\"og:image:type\" content=\"image\/jpeg\" \/>\n<meta name=\"twitter:card\" content=\"summary_large_image\" \/>\n<meta name=\"twitter:label1\" content=\"Dur\u00e9e de lecture estim\u00e9e\" \/>\n\t<meta name=\"twitter:data1\" content=\"1 minute\" \/>\n<script type=\"application\/ld+json\" class=\"yoast-schema-graph\">{\"@context\":\"https:\\\/\\\/schema.org\",\"@graph\":[{\"@type\":\"WebPage\",\"@id\":\"https:\\\/\\\/startingfrance.com\\\/fr\\\/notre-portfolio\\\/partner\\\/\",\"url\":\"https:\\\/\\\/startingfrance.com\\\/fr\\\/notre-portfolio\\\/partner\\\/\",\"name\":\"Partenaires - StartingFrance\",\"isPartOf\":{\"@id\":\"https:\\\/\\\/startingfrance.com\\\/fr\\\/#website\"},\"datePublished\":\"2018-06-15T19:44:28+00:00\",\"dateModified\":\"2025-03-18T13:35:02+00:00\",\"description\":\"Nous identifions prospects endusers et partenaires potentiels, nous les enthousiasmons pour votre technologie, nous menons les n\u00e9gociations jusqu\u2019\u00e0 la signature du contrat.\",\"breadcrumb\":{\"@id\":\"https:\\\/\\\/startingfrance.com\\\/fr\\\/notre-portfolio\\\/partner\\\/#breadcrumb\"},\"inLanguage\":\"fr-FR\",\"potentialAction\":[{\"@type\":\"ReadAction\",\"target\":[\"https:\\\/\\\/startingfrance.com\\\/fr\\\/notre-portfolio\\\/partner\\\/\"]}]},{\"@type\":\"BreadcrumbList\",\"@id\":\"https:\\\/\\\/startingfrance.com\\\/fr\\\/notre-portfolio\\\/partner\\\/#breadcrumb\",\"itemListElement\":[{\"@type\":\"ListItem\",\"position\":1,\"name\":\"Startseite\",\"item\":\"https:\\\/\\\/startingfrance.com\\\/fr\\\/start\\\/\"},{\"@type\":\"ListItem\",\"position\":2,\"name\":\"Portfolio\",\"item\":\"https:\\\/\\\/startingfrance.com\\\/fr\\\/notre-portfolio\\\/\"},{\"@type\":\"ListItem\",\"position\":3,\"name\":\"Partenaires\"}]},{\"@type\":\"WebSite\",\"@id\":\"https:\\\/\\\/startingfrance.com\\\/fr\\\/#website\",\"url\":\"https:\\\/\\\/startingfrance.com\\\/fr\\\/\",\"name\":\"StartingFrance\",\"description\":\"Mannheim - Paris\",\"publisher\":{\"@id\":\"https:\\\/\\\/startingfrance.com\\\/fr\\\/#organization\"},\"potentialAction\":[{\"@type\":\"SearchAction\",\"target\":{\"@type\":\"EntryPoint\",\"urlTemplate\":\"https:\\\/\\\/startingfrance.com\\\/fr\\\/?s={search_term_string}\"},\"query-input\":{\"@type\":\"PropertyValueSpecification\",\"valueRequired\":true,\"valueName\":\"search_term_string\"}}],\"inLanguage\":\"fr-FR\"},{\"@type\":\"Organization\",\"@id\":\"https:\\\/\\\/startingfrance.com\\\/fr\\\/#organization\",\"name\":\"StartingFrance\",\"url\":\"https:\\\/\\\/startingfrance.com\\\/fr\\\/\",\"logo\":{\"@type\":\"ImageObject\",\"inLanguage\":\"fr-FR\",\"@id\":\"https:\\\/\\\/startingfrance.com\\\/fr\\\/#\\\/schema\\\/logo\\\/image\\\/\",\"url\":\"https:\\\/\\\/startingfrance.com\\\/sf2020\\\/wp-content\\\/uploads\\\/2020\\\/01\\\/startingfrance.jpg\",\"contentUrl\":\"https:\\\/\\\/startingfrance.com\\\/sf2020\\\/wp-content\\\/uploads\\\/2020\\\/01\\\/startingfrance.jpg\",\"width\":800,\"height\":139,\"caption\":\"StartingFrance\"},\"image\":{\"@id\":\"https:\\\/\\\/startingfrance.com\\\/fr\\\/#\\\/schema\\\/logo\\\/image\\\/\"},\"sameAs\":[\"https:\\\/\\\/www.linkedin.com\\\/company\\\/startingfrance\\\/\"]}]}<\/script>\n<!-- \/ Yoast SEO plugin. -->","yoast_head_json":{"title":"Partenaires - StartingFrance","description":"Nous identifions prospects endusers et partenaires potentiels, nous les enthousiasmons pour votre technologie, nous menons les n\u00e9gociations jusqu\u2019\u00e0 la signature du contrat.","robots":{"index":"index","follow":"follow","max-snippet":"max-snippet:-1","max-image-preview":"max-image-preview:large","max-video-preview":"max-video-preview:-1"},"canonical":"https:\/\/startingfrance.com\/fr\/notre-portfolio\/partner\/","og_locale":"fr_FR","og_type":"article","og_title":"Partenaires - StartingFrance","og_description":"Nous identifions prospects endusers et partenaires potentiels, nous les enthousiasmons pour votre technologie, nous menons les n\u00e9gociations jusqu\u2019\u00e0 la signature du contrat.","og_url":"https:\/\/startingfrance.com\/fr\/notre-portfolio\/partner\/","og_site_name":"StartingFrance","article_modified_time":"2025-03-18T13:35:02+00:00","og_image":[{"width":800,"height":139,"url":"https:\/\/startingfrance.com\/sf2020\/wp-content\/uploads\/2020\/01\/startingfrance.jpg","type":"image\/jpeg"}],"twitter_card":"summary_large_image","twitter_misc":{"Dur\u00e9e de lecture estim\u00e9e":"1 minute"},"schema":{"@context":"https:\/\/schema.org","@graph":[{"@type":"WebPage","@id":"https:\/\/startingfrance.com\/fr\/notre-portfolio\/partner\/","url":"https:\/\/startingfrance.com\/fr\/notre-portfolio\/partner\/","name":"Partenaires - StartingFrance","isPartOf":{"@id":"https:\/\/startingfrance.com\/fr\/#website"},"datePublished":"2018-06-15T19:44:28+00:00","dateModified":"2025-03-18T13:35:02+00:00","description":"Nous identifions prospects endusers et partenaires potentiels, nous les enthousiasmons pour votre technologie, nous menons les n\u00e9gociations jusqu\u2019\u00e0 la signature du contrat.","breadcrumb":{"@id":"https:\/\/startingfrance.com\/fr\/notre-portfolio\/partner\/#breadcrumb"},"inLanguage":"fr-FR","potentialAction":[{"@type":"ReadAction","target":["https:\/\/startingfrance.com\/fr\/notre-portfolio\/partner\/"]}]},{"@type":"BreadcrumbList","@id":"https:\/\/startingfrance.com\/fr\/notre-portfolio\/partner\/#breadcrumb","itemListElement":[{"@type":"ListItem","position":1,"name":"Startseite","item":"https:\/\/startingfrance.com\/fr\/start\/"},{"@type":"ListItem","position":2,"name":"Portfolio","item":"https:\/\/startingfrance.com\/fr\/notre-portfolio\/"},{"@type":"ListItem","position":3,"name":"Partenaires"}]},{"@type":"WebSite","@id":"https:\/\/startingfrance.com\/fr\/#website","url":"https:\/\/startingfrance.com\/fr\/","name":"StartingFrance","description":"Mannheim - Paris","publisher":{"@id":"https:\/\/startingfrance.com\/fr\/#organization"},"potentialAction":[{"@type":"SearchAction","target":{"@type":"EntryPoint","urlTemplate":"https:\/\/startingfrance.com\/fr\/?s={search_term_string}"},"query-input":{"@type":"PropertyValueSpecification","valueRequired":true,"valueName":"search_term_string"}}],"inLanguage":"fr-FR"},{"@type":"Organization","@id":"https:\/\/startingfrance.com\/fr\/#organization","name":"StartingFrance","url":"https:\/\/startingfrance.com\/fr\/","logo":{"@type":"ImageObject","inLanguage":"fr-FR","@id":"https:\/\/startingfrance.com\/fr\/#\/schema\/logo\/image\/","url":"https:\/\/startingfrance.com\/sf2020\/wp-content\/uploads\/2020\/01\/startingfrance.jpg","contentUrl":"https:\/\/startingfrance.com\/sf2020\/wp-content\/uploads\/2020\/01\/startingfrance.jpg","width":800,"height":139,"caption":"StartingFrance"},"image":{"@id":"https:\/\/startingfrance.com\/fr\/#\/schema\/logo\/image\/"},"sameAs":["https:\/\/www.linkedin.com\/company\/startingfrance\/"]}]}},"featured_image_src":null,"featured_image_src_square":null,"_links":{"self":[{"href":"https:\/\/startingfrance.com\/fr\/wp-json\/wp\/v2\/pages\/2539","targetHints":{"allow":["GET"]}}],"collection":[{"href":"https:\/\/startingfrance.com\/fr\/wp-json\/wp\/v2\/pages"}],"about":[{"href":"https:\/\/startingfrance.com\/fr\/wp-json\/wp\/v2\/types\/page"}],"author":[{"embeddable":true,"href":"https:\/\/startingfrance.com\/fr\/wp-json\/wp\/v2\/users\/1"}],"replies":[{"embeddable":true,"href":"https:\/\/startingfrance.com\/fr\/wp-json\/wp\/v2\/comments?post=2539"}],"version-history":[{"count":0,"href":"https:\/\/startingfrance.com\/fr\/wp-json\/wp\/v2\/pages\/2539\/revisions"}],"up":[{"embeddable":true,"href":"https:\/\/startingfrance.com\/fr\/wp-json\/wp\/v2\/pages\/1310"}],"wp:attachment":[{"href":"https:\/\/startingfrance.com\/fr\/wp-json\/wp\/v2\/media?parent=2539"}],"curies":[{"name":"wp","href":"https:\/\/api.w.org\/{rel}","templated":true}]}}