{"id":1332,"date":"2018-06-14T21:15:50","date_gmt":"2018-06-14T19:15:50","guid":{"rendered":"https:\/\/startingfrance.com\/mentions-legales\/"},"modified":"2020-02-18T12:25:55","modified_gmt":"2020-02-18T11:25:55","slug":"mentions-legales","status":"publish","type":"page","link":"https:\/\/startingfrance.com\/fr\/mentions-legales\/","title":{"rendered":"Mentions l\u00e9gales"},"content":{"rendered":"<p><strong>StartingFrance sarl<\/strong><br \/>\n58, bd du G\u00e9n\u00e9ral Leclerc<br \/>\nF-92200 Neuilly-sur-Seine<\/p>\n<h3>Repr\u00e9sent\u00e9e par:<\/h3>\n<p>Jerome Nicolet, directeur<\/p>\n<h3>Contact:<\/h3>\n<p>t\u00e9l\u00e9phone: +33 (0)1 43 33 24 63<br \/>\nemail: hallo@startingfrance.com<\/p>\n<h3>Sources pour les photos utilis\u00e9es:<\/h3>\n<p>abadesign \/ 123RF Stock Foto (Paris \u2013 La D\u00e9fense)<br \/>\nbrings-online.com (Paris \u2013 Tour Eiffel, Berlin)<br \/>\nSAP Arena (SAP Arena Mannheim)<br \/>\ndrxy \u2013 iStockPhoto (Computer)<\/p>\n","protected":false},"excerpt":{"rendered":"<p>StartingFrance sarl 58, bd du G\u00e9n\u00e9ral Leclerc F-92200 Neuilly-sur-Seine Repr\u00e9sent\u00e9e par: Jerome Nicolet, directeur Contact: t\u00e9l\u00e9phone: +33 (0)1 43 33 24 63 email: hallo@startingfrance.com Sources pour [&#8230;] <\/p>\n","protected":false},"author":1,"featured_media":0,"parent":0,"menu_order":0,"comment_status":"closed","ping_status":"closed","template":"page-fullwidth.php","meta":{"footnotes":""},"class_list":["post-1332","page","type-page","status-publish","hentry"],"yoast_head":"<!-- This site is optimized with the Yoast SEO plugin v27.0 - https:\/\/yoast.com\/product\/yoast-seo-wordpress\/ -->\n<title>Mentions l\u00e9gales - StartingFrance<\/title>\n<meta name=\"description\" content=\"Nous identifions prospects endusers et partenaires potentiels, nous les enthousiasmons pour votre technologie, nous menons les n\u00e9gociations jusqu\u2019\u00e0 la signature du contrat.\" \/>\n<meta name=\"robots\" content=\"index, follow, max-snippet:-1, max-image-preview:large, max-video-preview:-1\" \/>\n<link rel=\"canonical\" href=\"https:\/\/startingfrance.com\/fr\/mentions-legales\/\" \/>\n<meta property=\"og:locale\" content=\"fr_FR\" \/>\n<meta property=\"og:type\" content=\"article\" \/>\n<meta property=\"og:title\" content=\"Mentions l\u00e9gales - StartingFrance\" \/>\n<meta property=\"og:description\" content=\"Nous identifions prospects endusers et partenaires potentiels, nous les enthousiasmons pour votre technologie, nous menons les n\u00e9gociations jusqu\u2019\u00e0 la signature du contrat.\" \/>\n<meta property=\"og:url\" content=\"https:\/\/startingfrance.com\/fr\/mentions-legales\/\" \/>\n<meta property=\"og:site_name\" content=\"StartingFrance\" \/>\n<meta property=\"article:modified_time\" content=\"2020-02-18T11:25:55+00:00\" \/>\n<meta property=\"og:image\" content=\"https:\/\/startingfrance.com\/sf2020\/wp-content\/uploads\/2020\/01\/startingfrance.jpg\" \/>\n\t<meta property=\"og:image:width\" content=\"800\" \/>\n\t<meta property=\"og:image:height\" content=\"139\" \/>\n\t<meta property=\"og:image:type\" content=\"image\/jpeg\" \/>\n<meta name=\"twitter:card\" content=\"summary_large_image\" \/>\n<script type=\"application\/ld+json\" class=\"yoast-schema-graph\">{\"@context\":\"https:\/\/schema.org\",\"@graph\":[{\"@type\":\"WebPage\",\"@id\":\"https:\/\/startingfrance.com\/fr\/mentions-legales\/\",\"url\":\"https:\/\/startingfrance.com\/fr\/mentions-legales\/\",\"name\":\"Mentions l\u00e9gales - StartingFrance\",\"isPartOf\":{\"@id\":\"https:\/\/startingfrance.com\/fr\/#website\"},\"datePublished\":\"2018-06-14T19:15:50+00:00\",\"dateModified\":\"2020-02-18T11:25:55+00:00\",\"description\":\"Nous identifions prospects endusers et partenaires potentiels, nous les enthousiasmons pour votre technologie, nous menons les n\u00e9gociations jusqu\u2019\u00e0 la signature du contrat.\",\"breadcrumb\":{\"@id\":\"https:\/\/startingfrance.com\/fr\/mentions-legales\/#breadcrumb\"},\"inLanguage\":\"fr-FR\",\"potentialAction\":[{\"@type\":\"ReadAction\",\"target\":[\"https:\/\/startingfrance.com\/fr\/mentions-legales\/\"]}]},{\"@type\":\"BreadcrumbList\",\"@id\":\"https:\/\/startingfrance.com\/fr\/mentions-legales\/#breadcrumb\",\"itemListElement\":[{\"@type\":\"ListItem\",\"position\":1,\"name\":\"Startseite\",\"item\":\"https:\/\/startingfrance.com\/fr\/start\/\"},{\"@type\":\"ListItem\",\"position\":2,\"name\":\"Mentions l\u00e9gales\"}]},{\"@type\":\"WebSite\",\"@id\":\"https:\/\/startingfrance.com\/fr\/#website\",\"url\":\"https:\/\/startingfrance.com\/fr\/\",\"name\":\"StartingFrance\",\"description\":\"Mannheim - Paris\",\"publisher\":{\"@id\":\"https:\/\/startingfrance.com\/fr\/#organization\"},\"potentialAction\":[{\"@type\":\"SearchAction\",\"target\":{\"@type\":\"EntryPoint\",\"urlTemplate\":\"https:\/\/startingfrance.com\/fr\/?s={search_term_string}\"},\"query-input\":{\"@type\":\"PropertyValueSpecification\",\"valueRequired\":true,\"valueName\":\"search_term_string\"}}],\"inLanguage\":\"fr-FR\"},{\"@type\":\"Organization\",\"@id\":\"https:\/\/startingfrance.com\/fr\/#organization\",\"name\":\"StartingFrance\",\"url\":\"https:\/\/startingfrance.com\/fr\/\",\"logo\":{\"@type\":\"ImageObject\",\"inLanguage\":\"fr-FR\",\"@id\":\"https:\/\/startingfrance.com\/fr\/#\/schema\/logo\/image\/\",\"url\":\"https:\/\/startingfrance.com\/sf2020\/wp-content\/uploads\/2020\/01\/startingfrance.jpg\",\"contentUrl\":\"https:\/\/startingfrance.com\/sf2020\/wp-content\/uploads\/2020\/01\/startingfrance.jpg\",\"width\":800,\"height\":139,\"caption\":\"StartingFrance\"},\"image\":{\"@id\":\"https:\/\/startingfrance.com\/fr\/#\/schema\/logo\/image\/\"},\"sameAs\":[\"https:\/\/www.linkedin.com\/company\/startingfrance\/\"]}]}<\/script>\n<!-- \/ Yoast SEO plugin. -->","yoast_head_json":{"title":"Mentions l\u00e9gales - StartingFrance","description":"Nous identifions prospects endusers et partenaires potentiels, nous les enthousiasmons pour votre technologie, nous menons les n\u00e9gociations jusqu\u2019\u00e0 la signature du contrat.","robots":{"index":"index","follow":"follow","max-snippet":"max-snippet:-1","max-image-preview":"max-image-preview:large","max-video-preview":"max-video-preview:-1"},"canonical":"https:\/\/startingfrance.com\/fr\/mentions-legales\/","og_locale":"fr_FR","og_type":"article","og_title":"Mentions l\u00e9gales - StartingFrance","og_description":"Nous identifions prospects endusers et partenaires potentiels, nous les enthousiasmons pour votre technologie, nous menons les n\u00e9gociations jusqu\u2019\u00e0 la signature du contrat.","og_url":"https:\/\/startingfrance.com\/fr\/mentions-legales\/","og_site_name":"StartingFrance","article_modified_time":"2020-02-18T11:25:55+00:00","og_image":[{"width":800,"height":139,"url":"https:\/\/startingfrance.com\/sf2020\/wp-content\/uploads\/2020\/01\/startingfrance.jpg","type":"image\/jpeg"}],"twitter_card":"summary_large_image","schema":{"@context":"https:\/\/schema.org","@graph":[{"@type":"WebPage","@id":"https:\/\/startingfrance.com\/fr\/mentions-legales\/","url":"https:\/\/startingfrance.com\/fr\/mentions-legales\/","name":"Mentions l\u00e9gales - StartingFrance","isPartOf":{"@id":"https:\/\/startingfrance.com\/fr\/#website"},"datePublished":"2018-06-14T19:15:50+00:00","dateModified":"2020-02-18T11:25:55+00:00","description":"Nous identifions prospects endusers et partenaires potentiels, nous les enthousiasmons pour votre technologie, nous menons les n\u00e9gociations jusqu\u2019\u00e0 la signature du contrat.","breadcrumb":{"@id":"https:\/\/startingfrance.com\/fr\/mentions-legales\/#breadcrumb"},"inLanguage":"fr-FR","potentialAction":[{"@type":"ReadAction","target":["https:\/\/startingfrance.com\/fr\/mentions-legales\/"]}]},{"@type":"BreadcrumbList","@id":"https:\/\/startingfrance.com\/fr\/mentions-legales\/#breadcrumb","itemListElement":[{"@type":"ListItem","position":1,"name":"Startseite","item":"https:\/\/startingfrance.com\/fr\/start\/"},{"@type":"ListItem","position":2,"name":"Mentions l\u00e9gales"}]},{"@type":"WebSite","@id":"https:\/\/startingfrance.com\/fr\/#website","url":"https:\/\/startingfrance.com\/fr\/","name":"StartingFrance","description":"Mannheim - Paris","publisher":{"@id":"https:\/\/startingfrance.com\/fr\/#organization"},"potentialAction":[{"@type":"SearchAction","target":{"@type":"EntryPoint","urlTemplate":"https:\/\/startingfrance.com\/fr\/?s={search_term_string}"},"query-input":{"@type":"PropertyValueSpecification","valueRequired":true,"valueName":"search_term_string"}}],"inLanguage":"fr-FR"},{"@type":"Organization","@id":"https:\/\/startingfrance.com\/fr\/#organization","name":"StartingFrance","url":"https:\/\/startingfrance.com\/fr\/","logo":{"@type":"ImageObject","inLanguage":"fr-FR","@id":"https:\/\/startingfrance.com\/fr\/#\/schema\/logo\/image\/","url":"https:\/\/startingfrance.com\/sf2020\/wp-content\/uploads\/2020\/01\/startingfrance.jpg","contentUrl":"https:\/\/startingfrance.com\/sf2020\/wp-content\/uploads\/2020\/01\/startingfrance.jpg","width":800,"height":139,"caption":"StartingFrance"},"image":{"@id":"https:\/\/startingfrance.com\/fr\/#\/schema\/logo\/image\/"},"sameAs":["https:\/\/www.linkedin.com\/company\/startingfrance\/"]}]}},"featured_image_src":null,"featured_image_src_square":null,"_links":{"self":[{"href":"https:\/\/startingfrance.com\/fr\/wp-json\/wp\/v2\/pages\/1332","targetHints":{"allow":["GET"]}}],"collection":[{"href":"https:\/\/startingfrance.com\/fr\/wp-json\/wp\/v2\/pages"}],"about":[{"href":"https:\/\/startingfrance.com\/fr\/wp-json\/wp\/v2\/types\/page"}],"author":[{"embeddable":true,"href":"https:\/\/startingfrance.com\/fr\/wp-json\/wp\/v2\/users\/1"}],"replies":[{"embeddable":true,"href":"https:\/\/startingfrance.com\/fr\/wp-json\/wp\/v2\/comments?post=1332"}],"version-history":[{"count":0,"href":"https:\/\/startingfrance.com\/fr\/wp-json\/wp\/v2\/pages\/1332\/revisions"}],"wp:attachment":[{"href":"https:\/\/startingfrance.com\/fr\/wp-json\/wp\/v2\/media?parent=1332"}],"curies":[{"name":"wp","href":"https:\/\/api.w.org\/{rel}","templated":true}]}}