{"id":1330,"date":"2018-06-14T21:13:50","date_gmt":"2018-06-14T19:13:50","guid":{"rendered":"https:\/\/startingfrance.com\/protection-des-donnees\/"},"modified":"2020-03-04T09:15:45","modified_gmt":"2020-03-04T08:15:45","slug":"protection-des-donnees","status":"publish","type":"page","link":"https:\/\/startingfrance.com\/fr\/protection-des-donnees\/","title":{"rendered":"Protection des donn\u00e9es"},"content":{"rendered":"<h2>Autorit\u00e9 de contr\u00f4le<\/h2>\n<p>Comme StartingFrance sarl et StartingFrance GmbH ont une activit\u00e9 transfrontali\u00e8re (principalement France et Allemagne), l\u2019autorit\u00e9 de contr\u00f4le est d\u00e9termin\u00e9e selon le m\u00e9canisme de guichet unique. L\u2019autorit\u00e9 chef de file pour StartingFrance sarl comme pour StartingFrance GmbH est la Cnil : www.cnil.fr<\/p>\n<p>Nous accordons une grande importance \u00e0 la protection de vos donn\u00e9es personnelles.<\/p>\n<p>La navigation sur ce site web est possible sans divulgation de donn\u00e9es personnelles. Sur la page \u00ab contact \u00bb, vous pouvez renseigner certaines donn\u00e9es personnelles mais il n\u2019y a aucune obligation \u00e0 le faire. Nous ne pouvons malgr\u00e9 toute notre vigilance garantir la confidentialit\u00e9 des informations que vous nous transmettez en utilisant un r\u00e9seau ouvert de t\u00e9l\u00e9communications. La collecte de ces donn\u00e9es a pour finalit\u00e9 l\u2019information et la prospection en environnement franco-allemand pour des produits et services high-tech ou informatiques.<\/p>\n<p>Vous avez \u00e0 tout moment la possibilit\u00e9 de nous demander quelles donn\u00e9es personnelles nous avons archiv\u00e9es vous concernant. Vous pouvez nous demander \u00e9galement de ne plus utiliser ces donn\u00e9es. Pour ce faire, vous devez envoyer votre demande en utilisant les coordonn\u00e9es mentionn\u00e9es \u00e0 la page \u00ab mentions l\u00e9gales \u00bb de ce site et joindre un justificatif de votre identit\u00e9.<\/p>\n<p><!--:fr--><\/p>\n<h2>Cookies<\/h2>\n<p>Nous pouvons utiliser des cookies informatiques pour faciliter la navigation ou mieux comprendre comment sont utilis\u00e9s les informations et services propos\u00e9s. Vous pouvez vous y opposer en param\u00e9trant votre navigateur.<\/p>\n<h2>Google Maps<\/h2>\n<p>Ce site web utilise Google Maps API, un service cartographique de Google Inc. \u00abGoogle\u00bb, pour la repr\u00e9sentation d&rsquo;une carte interactive et l&rsquo;\u00e9tablissement de plans d&rsquo;acc\u00e8s. Google Maps est exploit\u00e9 par Google Inc., 1600 Amphitheatre Parkway, Mountain View, CA 94043, USA. Par l&rsquo;utilisation de ce site, vous d\u00e9clarez accepter la saisie, le traitement et l&rsquo;utilisation des donn\u00e9es relev\u00e9es automatiquement par Google Inc., ses repr\u00e9sentants ainsi que des tiers.<br \/>\nVous trouverez ici les conditions d&rsquo;utilisation de Google Maps:<\/p>\n<p>https:\/\/www.google.com\/intl\/fr_fr\/help\/terms_maps.html<\/p>\n<p><!--:fr--><\/p>\n<h2>H\u00e9bergement<\/h2>\n<p>Le pr\u00e9sent site web est h\u00e9berg\u00e9 \u00e0 l\u2019adresse suivante<br \/>\nOVH<br \/>\n2 rue Kellermann<br \/>\nF-59100 Roubaix<\/p>\n<p><!--:fr--><\/p>\n<h2>Google Web fonts<\/h2>\n<p>Ce site utilise les polices Web fournies par Google pour afficher uniform\u00e9ment les polices. Lorsque vous appelez une page, votre navigateur charge les polices Web requises dans le cache de votre navigateur pour afficher correctement les textes et les polices.<\/p>\n<p>Pour ce faire, le navigateur que vous utilisez doit se connecter aux serveurs de Google. Cela permet \u00e0 Google de savoir que notre site Web a \u00e9t\u00e9 consult\u00e9 via votre adresse IP. L\u2019utilisation de Google Web Fonts est dans l\u2019int\u00e9r\u00eat d\u2019une pr\u00e9sentation uniforme et attrayante de nos offres en ligne. Il s\u2019agit d\u2019un int\u00e9r\u00eat l\u00e9gitime au sens de l\u2019art. 6 al. 1 lit. f DSGVO.<\/p>\n<p>Si votre navigateur ne supporte pas les polices Web, une police par d\u00e9faut est utilis\u00e9e par votre ordinateur.<\/p>\n<p>Pour plus d\u2019informations sur les polices Web de Google, visitez https:\/\/developers.google.com\/fonts\/faq et dans la politique de confidentialit\u00e9 de Google : https:\/\/www.google.com\/policies\/privacy\/.<\/p>\n","protected":false},"excerpt":{"rendered":"<p>Autorit\u00e9 de contr\u00f4le Comme StartingFrance sarl et StartingFrance GmbH ont une activit\u00e9 transfrontali\u00e8re (principalement France et Allemagne), l\u2019autorit\u00e9 de contr\u00f4le est d\u00e9termin\u00e9e selon le m\u00e9canisme de [&#8230;] <\/p>\n","protected":false},"author":1,"featured_media":0,"parent":0,"menu_order":0,"comment_status":"closed","ping_status":"closed","template":"page-fullwidth.php","meta":{"footnotes":""},"class_list":["post-1330","page","type-page","status-publish","hentry"],"yoast_head":"<!-- This site is optimized with the Yoast SEO plugin v27.4 - https:\/\/yoast.com\/product\/yoast-seo-wordpress\/ -->\n<title>Protection des donn\u00e9es - StartingFrance<\/title>\n<meta name=\"description\" content=\"Nous identifions prospects endusers et partenaires potentiels, nous les enthousiasmons pour votre technologie, nous menons les n\u00e9gociations jusqu\u2019\u00e0 la signature du contrat.\" \/>\n<meta name=\"robots\" content=\"index, follow, max-snippet:-1, max-image-preview:large, max-video-preview:-1\" \/>\n<link rel=\"canonical\" href=\"https:\/\/startingfrance.com\/fr\/protection-des-donnees\/\" \/>\n<meta property=\"og:locale\" content=\"fr_FR\" \/>\n<meta property=\"og:type\" content=\"article\" \/>\n<meta property=\"og:title\" content=\"Protection des donn\u00e9es - StartingFrance\" \/>\n<meta property=\"og:description\" content=\"Nous identifions prospects endusers et partenaires potentiels, nous les enthousiasmons pour votre technologie, nous menons les n\u00e9gociations jusqu\u2019\u00e0 la signature du contrat.\" \/>\n<meta property=\"og:url\" content=\"https:\/\/startingfrance.com\/fr\/protection-des-donnees\/\" \/>\n<meta property=\"og:site_name\" content=\"StartingFrance\" \/>\n<meta property=\"article:modified_time\" content=\"2020-03-04T08:15:45+00:00\" \/>\n<meta property=\"og:image\" content=\"https:\/\/startingfrance.com\/sf2020\/wp-content\/uploads\/2020\/01\/startingfrance.jpg\" \/>\n\t<meta property=\"og:image:width\" content=\"800\" \/>\n\t<meta property=\"og:image:height\" content=\"139\" \/>\n\t<meta property=\"og:image:type\" content=\"image\/jpeg\" \/>\n<meta name=\"twitter:card\" content=\"summary_large_image\" \/>\n<meta name=\"twitter:label1\" content=\"Dur\u00e9e de lecture estim\u00e9e\" \/>\n\t<meta name=\"twitter:data1\" content=\"3 minutes\" \/>\n<script type=\"application\/ld+json\" class=\"yoast-schema-graph\">{\"@context\":\"https:\\\/\\\/schema.org\",\"@graph\":[{\"@type\":\"WebPage\",\"@id\":\"https:\\\/\\\/startingfrance.com\\\/fr\\\/protection-des-donnees\\\/\",\"url\":\"https:\\\/\\\/startingfrance.com\\\/fr\\\/protection-des-donnees\\\/\",\"name\":\"Protection des donn\u00e9es - StartingFrance\",\"isPartOf\":{\"@id\":\"https:\\\/\\\/startingfrance.com\\\/fr\\\/#website\"},\"datePublished\":\"2018-06-14T19:13:50+00:00\",\"dateModified\":\"2020-03-04T08:15:45+00:00\",\"description\":\"Nous identifions prospects endusers et partenaires potentiels, nous les enthousiasmons pour votre technologie, nous menons les n\u00e9gociations jusqu\u2019\u00e0 la signature du contrat.\",\"breadcrumb\":{\"@id\":\"https:\\\/\\\/startingfrance.com\\\/fr\\\/protection-des-donnees\\\/#breadcrumb\"},\"inLanguage\":\"fr-FR\",\"potentialAction\":[{\"@type\":\"ReadAction\",\"target\":[\"https:\\\/\\\/startingfrance.com\\\/fr\\\/protection-des-donnees\\\/\"]}]},{\"@type\":\"BreadcrumbList\",\"@id\":\"https:\\\/\\\/startingfrance.com\\\/fr\\\/protection-des-donnees\\\/#breadcrumb\",\"itemListElement\":[{\"@type\":\"ListItem\",\"position\":1,\"name\":\"Startseite\",\"item\":\"https:\\\/\\\/startingfrance.com\\\/fr\\\/start\\\/\"},{\"@type\":\"ListItem\",\"position\":2,\"name\":\"Protection des donn\u00e9es\"}]},{\"@type\":\"WebSite\",\"@id\":\"https:\\\/\\\/startingfrance.com\\\/fr\\\/#website\",\"url\":\"https:\\\/\\\/startingfrance.com\\\/fr\\\/\",\"name\":\"StartingFrance\",\"description\":\"Mannheim - Paris\",\"publisher\":{\"@id\":\"https:\\\/\\\/startingfrance.com\\\/fr\\\/#organization\"},\"potentialAction\":[{\"@type\":\"SearchAction\",\"target\":{\"@type\":\"EntryPoint\",\"urlTemplate\":\"https:\\\/\\\/startingfrance.com\\\/fr\\\/?s={search_term_string}\"},\"query-input\":{\"@type\":\"PropertyValueSpecification\",\"valueRequired\":true,\"valueName\":\"search_term_string\"}}],\"inLanguage\":\"fr-FR\"},{\"@type\":\"Organization\",\"@id\":\"https:\\\/\\\/startingfrance.com\\\/fr\\\/#organization\",\"name\":\"StartingFrance\",\"url\":\"https:\\\/\\\/startingfrance.com\\\/fr\\\/\",\"logo\":{\"@type\":\"ImageObject\",\"inLanguage\":\"fr-FR\",\"@id\":\"https:\\\/\\\/startingfrance.com\\\/fr\\\/#\\\/schema\\\/logo\\\/image\\\/\",\"url\":\"https:\\\/\\\/startingfrance.com\\\/sf2020\\\/wp-content\\\/uploads\\\/2020\\\/01\\\/startingfrance.jpg\",\"contentUrl\":\"https:\\\/\\\/startingfrance.com\\\/sf2020\\\/wp-content\\\/uploads\\\/2020\\\/01\\\/startingfrance.jpg\",\"width\":800,\"height\":139,\"caption\":\"StartingFrance\"},\"image\":{\"@id\":\"https:\\\/\\\/startingfrance.com\\\/fr\\\/#\\\/schema\\\/logo\\\/image\\\/\"},\"sameAs\":[\"https:\\\/\\\/www.linkedin.com\\\/company\\\/startingfrance\\\/\"]}]}<\/script>\n<!-- \/ Yoast SEO plugin. -->","yoast_head_json":{"title":"Protection des donn\u00e9es - StartingFrance","description":"Nous identifions prospects endusers et partenaires potentiels, nous les enthousiasmons pour votre technologie, nous menons les n\u00e9gociations jusqu\u2019\u00e0 la signature du contrat.","robots":{"index":"index","follow":"follow","max-snippet":"max-snippet:-1","max-image-preview":"max-image-preview:large","max-video-preview":"max-video-preview:-1"},"canonical":"https:\/\/startingfrance.com\/fr\/protection-des-donnees\/","og_locale":"fr_FR","og_type":"article","og_title":"Protection des donn\u00e9es - StartingFrance","og_description":"Nous identifions prospects endusers et partenaires potentiels, nous les enthousiasmons pour votre technologie, nous menons les n\u00e9gociations jusqu\u2019\u00e0 la signature du contrat.","og_url":"https:\/\/startingfrance.com\/fr\/protection-des-donnees\/","og_site_name":"StartingFrance","article_modified_time":"2020-03-04T08:15:45+00:00","og_image":[{"width":800,"height":139,"url":"https:\/\/startingfrance.com\/sf2020\/wp-content\/uploads\/2020\/01\/startingfrance.jpg","type":"image\/jpeg"}],"twitter_card":"summary_large_image","twitter_misc":{"Dur\u00e9e de lecture estim\u00e9e":"3 minutes"},"schema":{"@context":"https:\/\/schema.org","@graph":[{"@type":"WebPage","@id":"https:\/\/startingfrance.com\/fr\/protection-des-donnees\/","url":"https:\/\/startingfrance.com\/fr\/protection-des-donnees\/","name":"Protection des donn\u00e9es - StartingFrance","isPartOf":{"@id":"https:\/\/startingfrance.com\/fr\/#website"},"datePublished":"2018-06-14T19:13:50+00:00","dateModified":"2020-03-04T08:15:45+00:00","description":"Nous identifions prospects endusers et partenaires potentiels, nous les enthousiasmons pour votre technologie, nous menons les n\u00e9gociations jusqu\u2019\u00e0 la signature du contrat.","breadcrumb":{"@id":"https:\/\/startingfrance.com\/fr\/protection-des-donnees\/#breadcrumb"},"inLanguage":"fr-FR","potentialAction":[{"@type":"ReadAction","target":["https:\/\/startingfrance.com\/fr\/protection-des-donnees\/"]}]},{"@type":"BreadcrumbList","@id":"https:\/\/startingfrance.com\/fr\/protection-des-donnees\/#breadcrumb","itemListElement":[{"@type":"ListItem","position":1,"name":"Startseite","item":"https:\/\/startingfrance.com\/fr\/start\/"},{"@type":"ListItem","position":2,"name":"Protection des donn\u00e9es"}]},{"@type":"WebSite","@id":"https:\/\/startingfrance.com\/fr\/#website","url":"https:\/\/startingfrance.com\/fr\/","name":"StartingFrance","description":"Mannheim - Paris","publisher":{"@id":"https:\/\/startingfrance.com\/fr\/#organization"},"potentialAction":[{"@type":"SearchAction","target":{"@type":"EntryPoint","urlTemplate":"https:\/\/startingfrance.com\/fr\/?s={search_term_string}"},"query-input":{"@type":"PropertyValueSpecification","valueRequired":true,"valueName":"search_term_string"}}],"inLanguage":"fr-FR"},{"@type":"Organization","@id":"https:\/\/startingfrance.com\/fr\/#organization","name":"StartingFrance","url":"https:\/\/startingfrance.com\/fr\/","logo":{"@type":"ImageObject","inLanguage":"fr-FR","@id":"https:\/\/startingfrance.com\/fr\/#\/schema\/logo\/image\/","url":"https:\/\/startingfrance.com\/sf2020\/wp-content\/uploads\/2020\/01\/startingfrance.jpg","contentUrl":"https:\/\/startingfrance.com\/sf2020\/wp-content\/uploads\/2020\/01\/startingfrance.jpg","width":800,"height":139,"caption":"StartingFrance"},"image":{"@id":"https:\/\/startingfrance.com\/fr\/#\/schema\/logo\/image\/"},"sameAs":["https:\/\/www.linkedin.com\/company\/startingfrance\/"]}]}},"featured_image_src":null,"featured_image_src_square":null,"_links":{"self":[{"href":"https:\/\/startingfrance.com\/fr\/wp-json\/wp\/v2\/pages\/1330","targetHints":{"allow":["GET"]}}],"collection":[{"href":"https:\/\/startingfrance.com\/fr\/wp-json\/wp\/v2\/pages"}],"about":[{"href":"https:\/\/startingfrance.com\/fr\/wp-json\/wp\/v2\/types\/page"}],"author":[{"embeddable":true,"href":"https:\/\/startingfrance.com\/fr\/wp-json\/wp\/v2\/users\/1"}],"replies":[{"embeddable":true,"href":"https:\/\/startingfrance.com\/fr\/wp-json\/wp\/v2\/comments?post=1330"}],"version-history":[{"count":0,"href":"https:\/\/startingfrance.com\/fr\/wp-json\/wp\/v2\/pages\/1330\/revisions"}],"wp:attachment":[{"href":"https:\/\/startingfrance.com\/fr\/wp-json\/wp\/v2\/media?parent=1330"}],"curies":[{"name":"wp","href":"https:\/\/api.w.org\/{rel}","templated":true}]}}