{"id":1322,"date":"2018-06-14T21:04:38","date_gmt":"2018-06-14T19:04:38","guid":{"rendered":"https:\/\/startingfrance.com\/les-facteurs-cles-de-succes\/"},"modified":"2024-11-06T11:55:15","modified_gmt":"2024-11-06T10:55:15","slug":"facteurs-cles-de-reussite-en-allemagne","status":"publish","type":"page","link":"https:\/\/startingfrance.com\/fr\/nos-services\/facteurs-cles-de-reussite-en-allemagne\/","title":{"rendered":"Les facteurs-cl\u00e9s de votre r\u00e9ussite en Allemagne et en r\u00e9gion DACH"},"content":{"rendered":"\n<p><\/p>\n\n\n\n<p><strong>D\u00e9marrer votre activit\u00e9 en Allemagne peut \u00eatre un v\u00e9ritable levier de croissance, \u00e0 condition de ma\u00eetriser les sp\u00e9cificit\u00e9s du march\u00e9. <\/strong>Chez StartingFrance, fort de plus de 15 ans d\u2019exp\u00e9rience, nous avons d\u00e9velopp\u00e9 une approche sur mesure pour maximiser vos chances de r\u00e9ussite&nbsp;dans le d\u00e9veloppement de votre business B2B entre la France et l&rsquo;<a href=\"https:\/\/startingfrance.com\/fr\/nos-services\/pourquoi-lallemagne\/\">Allemagne<\/a>.<br><br>Voici les principaux facteurs qui contribuent \u00e0 votre succ\u00e8s :<\/p>\n\n\n\n<ol class=\"wp-block-list\">\n<li><strong>Une expertise interculturelle \u00e9prouv\u00e9e :<\/strong> Nous comprenons les nuances culturelles et commerciales qui font la diff\u00e9rence entre ces deux march\u00e9s. Nous parlons les deux langues et bien s\u00fbr aussi l\u2019anglais.<\/li>\n\n\n\n<li><strong>Un r\u00e9seau de contacts en Allemagne :<\/strong> Gr\u00e2ce \u00e0 nos relations \u00e9tablies avec des clients finaux et partenaires, nous facilitons votre int\u00e9gration sur le march\u00e9 allemand.<\/li>\n\n\n\n<li><strong>Une <a href=\"https:\/\/startingfrance.com\/fr\/nos-packs-services-vente-directe\/\">d\u00e9marche structur\u00e9e<\/a> pour votre GoToMarket :<\/strong> Nous \u00e9laborons avec vous la strat\u00e9gie de business d\u00e9veloppement adapt\u00e9e, allant de la prospection \u00e0 la conclusion des deals et incluant l\u2019adaptation du marketing.<\/li>\n\n\n\n<li><strong>Accompagnement personnalis\u00e9 :<\/strong> Que vous soyez \u00e9diteur de logiciels ou acteur high-tech, notre \u00e9quipe de commerciaux se mobilise pour \u00e0 chaque \u00e9tape, convertir les opportunit\u00e9s en r\u00e9sultats concrets.<br><\/li>\n<\/ol>\n\n\n\n<p><strong>Vous souhaitez profiter du potentiel du march\u00e9 allemand ?<\/strong> <a href=\"https:\/\/startingfrance.com\/fr\/contactez-nous\/\">Contactez-nous<\/a><em> <\/em>d\u00e8s aujourd&rsquo;hui pour b\u00e9n\u00e9ficier de notre expertise et d\u00e9couvrir comment nous pouvons vous aider \u00e0 atteindre vos objectifs.<\/p>\n\n\n\n<div style=\"height:100px\" aria-hidden=\"true\" class=\"wp-block-spacer\"><\/div>\n","protected":false},"excerpt":{"rendered":"<p>D\u00e9marrer votre activit\u00e9 en Allemagne peut \u00eatre un v\u00e9ritable levier de croissance, \u00e0 condition de ma\u00eetriser les sp\u00e9cificit\u00e9s du march\u00e9. Chez StartingFrance, fort de plus de [&#8230;] <\/p>\n","protected":false},"author":1,"featured_media":0,"parent":1260,"menu_order":0,"comment_status":"closed","ping_status":"closed","template":"","meta":{"footnotes":""},"class_list":["post-1322","page","type-page","status-publish","hentry"],"yoast_head":"<!-- This site is optimized with the Yoast SEO plugin v27.4 - https:\/\/yoast.com\/product\/yoast-seo-wordpress\/ -->\n<title>Les facteurs-cl\u00e9s de votre r\u00e9ussite en Allemagne et en r\u00e9gion DACH - StartingFrance<\/title>\n<meta name=\"description\" content=\"Facteurs-cl\u00e9s de r\u00e9ussite en Allemagne avec StartingFrance : expertise interculturelle et strat\u00e9gie GoToMarket adapt\u00e9e au march\u00e9 DACH.\" \/>\n<meta name=\"robots\" content=\"index, follow, max-snippet:-1, max-image-preview:large, max-video-preview:-1\" \/>\n<link rel=\"canonical\" href=\"https:\/\/startingfrance.com\/fr\/nos-services\/facteurs-cles-de-reussite-en-allemagne\/\" \/>\n<meta property=\"og:locale\" content=\"fr_FR\" \/>\n<meta property=\"og:type\" content=\"article\" \/>\n<meta property=\"og:title\" content=\"Les facteurs-cl\u00e9s de votre r\u00e9ussite en Allemagne et en r\u00e9gion DACH - StartingFrance\" \/>\n<meta property=\"og:description\" content=\"Facteurs-cl\u00e9s de r\u00e9ussite en Allemagne avec StartingFrance : expertise interculturelle et strat\u00e9gie GoToMarket adapt\u00e9e au march\u00e9 DACH.\" \/>\n<meta property=\"og:url\" content=\"https:\/\/startingfrance.com\/fr\/nos-services\/facteurs-cles-de-reussite-en-allemagne\/\" \/>\n<meta property=\"og:site_name\" content=\"StartingFrance\" \/>\n<meta property=\"article:modified_time\" content=\"2024-11-06T10:55:15+00:00\" \/>\n<meta property=\"og:image\" content=\"https:\/\/startingfrance.com\/sf2020\/wp-content\/uploads\/2020\/01\/startingfrance.jpg\" \/>\n\t<meta property=\"og:image:width\" content=\"800\" \/>\n\t<meta property=\"og:image:height\" content=\"139\" \/>\n\t<meta property=\"og:image:type\" content=\"image\/jpeg\" \/>\n<meta name=\"twitter:card\" content=\"summary_large_image\" \/>\n<meta name=\"twitter:label1\" content=\"Dur\u00e9e de lecture estim\u00e9e\" \/>\n\t<meta name=\"twitter:data1\" content=\"2 minutes\" \/>\n<script type=\"application\/ld+json\" class=\"yoast-schema-graph\">{\"@context\":\"https:\\\/\\\/schema.org\",\"@graph\":[{\"@type\":\"WebPage\",\"@id\":\"https:\\\/\\\/startingfrance.com\\\/fr\\\/nos-services\\\/facteurs-cles-de-reussite-en-allemagne\\\/\",\"url\":\"https:\\\/\\\/startingfrance.com\\\/fr\\\/nos-services\\\/facteurs-cles-de-reussite-en-allemagne\\\/\",\"name\":\"Les facteurs-cl\u00e9s de votre r\u00e9ussite en Allemagne et en r\u00e9gion DACH - StartingFrance\",\"isPartOf\":{\"@id\":\"https:\\\/\\\/startingfrance.com\\\/fr\\\/#website\"},\"datePublished\":\"2018-06-14T19:04:38+00:00\",\"dateModified\":\"2024-11-06T10:55:15+00:00\",\"description\":\"Facteurs-cl\u00e9s de r\u00e9ussite en Allemagne avec StartingFrance : expertise interculturelle et strat\u00e9gie GoToMarket adapt\u00e9e au march\u00e9 DACH.\",\"breadcrumb\":{\"@id\":\"https:\\\/\\\/startingfrance.com\\\/fr\\\/nos-services\\\/facteurs-cles-de-reussite-en-allemagne\\\/#breadcrumb\"},\"inLanguage\":\"fr-FR\",\"potentialAction\":[{\"@type\":\"ReadAction\",\"target\":[\"https:\\\/\\\/startingfrance.com\\\/fr\\\/nos-services\\\/facteurs-cles-de-reussite-en-allemagne\\\/\"]}]},{\"@type\":\"BreadcrumbList\",\"@id\":\"https:\\\/\\\/startingfrance.com\\\/fr\\\/nos-services\\\/facteurs-cles-de-reussite-en-allemagne\\\/#breadcrumb\",\"itemListElement\":[{\"@type\":\"ListItem\",\"position\":1,\"name\":\"Startseite\",\"item\":\"https:\\\/\\\/startingfrance.com\\\/fr\\\/start\\\/\"},{\"@type\":\"ListItem\",\"position\":2,\"name\":\"Nos services\",\"item\":\"https:\\\/\\\/startingfrance.com\\\/fr\\\/nos-services\\\/\"},{\"@type\":\"ListItem\",\"position\":3,\"name\":\"Les facteurs-cl\u00e9s de votre r\u00e9ussite en Allemagne et en r\u00e9gion DACH\"}]},{\"@type\":\"WebSite\",\"@id\":\"https:\\\/\\\/startingfrance.com\\\/fr\\\/#website\",\"url\":\"https:\\\/\\\/startingfrance.com\\\/fr\\\/\",\"name\":\"StartingFrance\",\"description\":\"Mannheim - Paris\",\"publisher\":{\"@id\":\"https:\\\/\\\/startingfrance.com\\\/fr\\\/#organization\"},\"potentialAction\":[{\"@type\":\"SearchAction\",\"target\":{\"@type\":\"EntryPoint\",\"urlTemplate\":\"https:\\\/\\\/startingfrance.com\\\/fr\\\/?s={search_term_string}\"},\"query-input\":{\"@type\":\"PropertyValueSpecification\",\"valueRequired\":true,\"valueName\":\"search_term_string\"}}],\"inLanguage\":\"fr-FR\"},{\"@type\":\"Organization\",\"@id\":\"https:\\\/\\\/startingfrance.com\\\/fr\\\/#organization\",\"name\":\"StartingFrance\",\"url\":\"https:\\\/\\\/startingfrance.com\\\/fr\\\/\",\"logo\":{\"@type\":\"ImageObject\",\"inLanguage\":\"fr-FR\",\"@id\":\"https:\\\/\\\/startingfrance.com\\\/fr\\\/#\\\/schema\\\/logo\\\/image\\\/\",\"url\":\"https:\\\/\\\/startingfrance.com\\\/sf2020\\\/wp-content\\\/uploads\\\/2020\\\/01\\\/startingfrance.jpg\",\"contentUrl\":\"https:\\\/\\\/startingfrance.com\\\/sf2020\\\/wp-content\\\/uploads\\\/2020\\\/01\\\/startingfrance.jpg\",\"width\":800,\"height\":139,\"caption\":\"StartingFrance\"},\"image\":{\"@id\":\"https:\\\/\\\/startingfrance.com\\\/fr\\\/#\\\/schema\\\/logo\\\/image\\\/\"},\"sameAs\":[\"https:\\\/\\\/www.linkedin.com\\\/company\\\/startingfrance\\\/\"]}]}<\/script>\n<!-- \/ Yoast SEO plugin. -->","yoast_head_json":{"title":"Les facteurs-cl\u00e9s de votre r\u00e9ussite en Allemagne et en r\u00e9gion DACH - StartingFrance","description":"Facteurs-cl\u00e9s de r\u00e9ussite en Allemagne avec StartingFrance : expertise interculturelle et strat\u00e9gie GoToMarket adapt\u00e9e au march\u00e9 DACH.","robots":{"index":"index","follow":"follow","max-snippet":"max-snippet:-1","max-image-preview":"max-image-preview:large","max-video-preview":"max-video-preview:-1"},"canonical":"https:\/\/startingfrance.com\/fr\/nos-services\/facteurs-cles-de-reussite-en-allemagne\/","og_locale":"fr_FR","og_type":"article","og_title":"Les facteurs-cl\u00e9s de votre r\u00e9ussite en Allemagne et en r\u00e9gion DACH - StartingFrance","og_description":"Facteurs-cl\u00e9s de r\u00e9ussite en Allemagne avec StartingFrance : expertise interculturelle et strat\u00e9gie GoToMarket adapt\u00e9e au march\u00e9 DACH.","og_url":"https:\/\/startingfrance.com\/fr\/nos-services\/facteurs-cles-de-reussite-en-allemagne\/","og_site_name":"StartingFrance","article_modified_time":"2024-11-06T10:55:15+00:00","og_image":[{"width":800,"height":139,"url":"https:\/\/startingfrance.com\/sf2020\/wp-content\/uploads\/2020\/01\/startingfrance.jpg","type":"image\/jpeg"}],"twitter_card":"summary_large_image","twitter_misc":{"Dur\u00e9e de lecture estim\u00e9e":"2 minutes"},"schema":{"@context":"https:\/\/schema.org","@graph":[{"@type":"WebPage","@id":"https:\/\/startingfrance.com\/fr\/nos-services\/facteurs-cles-de-reussite-en-allemagne\/","url":"https:\/\/startingfrance.com\/fr\/nos-services\/facteurs-cles-de-reussite-en-allemagne\/","name":"Les facteurs-cl\u00e9s de votre r\u00e9ussite en Allemagne et en r\u00e9gion DACH - StartingFrance","isPartOf":{"@id":"https:\/\/startingfrance.com\/fr\/#website"},"datePublished":"2018-06-14T19:04:38+00:00","dateModified":"2024-11-06T10:55:15+00:00","description":"Facteurs-cl\u00e9s de r\u00e9ussite en Allemagne avec StartingFrance : expertise interculturelle et strat\u00e9gie GoToMarket adapt\u00e9e au march\u00e9 DACH.","breadcrumb":{"@id":"https:\/\/startingfrance.com\/fr\/nos-services\/facteurs-cles-de-reussite-en-allemagne\/#breadcrumb"},"inLanguage":"fr-FR","potentialAction":[{"@type":"ReadAction","target":["https:\/\/startingfrance.com\/fr\/nos-services\/facteurs-cles-de-reussite-en-allemagne\/"]}]},{"@type":"BreadcrumbList","@id":"https:\/\/startingfrance.com\/fr\/nos-services\/facteurs-cles-de-reussite-en-allemagne\/#breadcrumb","itemListElement":[{"@type":"ListItem","position":1,"name":"Startseite","item":"https:\/\/startingfrance.com\/fr\/start\/"},{"@type":"ListItem","position":2,"name":"Nos services","item":"https:\/\/startingfrance.com\/fr\/nos-services\/"},{"@type":"ListItem","position":3,"name":"Les facteurs-cl\u00e9s de votre r\u00e9ussite en Allemagne et en r\u00e9gion DACH"}]},{"@type":"WebSite","@id":"https:\/\/startingfrance.com\/fr\/#website","url":"https:\/\/startingfrance.com\/fr\/","name":"StartingFrance","description":"Mannheim - Paris","publisher":{"@id":"https:\/\/startingfrance.com\/fr\/#organization"},"potentialAction":[{"@type":"SearchAction","target":{"@type":"EntryPoint","urlTemplate":"https:\/\/startingfrance.com\/fr\/?s={search_term_string}"},"query-input":{"@type":"PropertyValueSpecification","valueRequired":true,"valueName":"search_term_string"}}],"inLanguage":"fr-FR"},{"@type":"Organization","@id":"https:\/\/startingfrance.com\/fr\/#organization","name":"StartingFrance","url":"https:\/\/startingfrance.com\/fr\/","logo":{"@type":"ImageObject","inLanguage":"fr-FR","@id":"https:\/\/startingfrance.com\/fr\/#\/schema\/logo\/image\/","url":"https:\/\/startingfrance.com\/sf2020\/wp-content\/uploads\/2020\/01\/startingfrance.jpg","contentUrl":"https:\/\/startingfrance.com\/sf2020\/wp-content\/uploads\/2020\/01\/startingfrance.jpg","width":800,"height":139,"caption":"StartingFrance"},"image":{"@id":"https:\/\/startingfrance.com\/fr\/#\/schema\/logo\/image\/"},"sameAs":["https:\/\/www.linkedin.com\/company\/startingfrance\/"]}]}},"featured_image_src":null,"featured_image_src_square":null,"_links":{"self":[{"href":"https:\/\/startingfrance.com\/fr\/wp-json\/wp\/v2\/pages\/1322","targetHints":{"allow":["GET"]}}],"collection":[{"href":"https:\/\/startingfrance.com\/fr\/wp-json\/wp\/v2\/pages"}],"about":[{"href":"https:\/\/startingfrance.com\/fr\/wp-json\/wp\/v2\/types\/page"}],"author":[{"embeddable":true,"href":"https:\/\/startingfrance.com\/fr\/wp-json\/wp\/v2\/users\/1"}],"replies":[{"embeddable":true,"href":"https:\/\/startingfrance.com\/fr\/wp-json\/wp\/v2\/comments?post=1322"}],"version-history":[{"count":0,"href":"https:\/\/startingfrance.com\/fr\/wp-json\/wp\/v2\/pages\/1322\/revisions"}],"up":[{"embeddable":true,"href":"https:\/\/startingfrance.com\/fr\/wp-json\/wp\/v2\/pages\/1260"}],"wp:attachment":[{"href":"https:\/\/startingfrance.com\/fr\/wp-json\/wp\/v2\/media?parent=1322"}],"curies":[{"name":"wp","href":"https:\/\/api.w.org\/{rel}","templated":true}]}}