{"id":1317,"date":"2018-06-14T21:00:53","date_gmt":"2018-06-14T19:00:53","guid":{"rendered":"https:\/\/startingfrance.com\/que-proposons-nous\/"},"modified":"2024-11-18T15:46:30","modified_gmt":"2024-11-18T14:46:30","slug":"que-proposons-nous","status":"publish","type":"page","link":"https:\/\/startingfrance.com\/fr\/nos-services\/que-proposons-nous\/","title":{"rendered":"Que proposons-nous"},"content":{"rendered":"\n<p><strong>StartingFrance<\/strong> vous accompagne dans votre expansion en Allemagne, Suisse et Autriche (la r\u00e9gion DACH), en vous offrant un large \u00e9ventail de services adapt\u00e9s \u00e0 vos besoins sp\u00e9cifiques pour r\u00e9ussir sur ces march\u00e9s.<\/p>\n\n\n\n<p><strong>Nos services incluent :<\/strong><\/p>\n\n\n\n<ul class=\"wp-block-list\">\n<li><strong>Recherche de partenaires strat\u00e9giques<\/strong><br>Nous identifions, approchons et n\u00e9gocions avec des partenaires potentiels : distributeurs, int\u00e9grateurs ou revendeurs. Nous vous accompagnons jusqu\u2019\u00e0 la signature du contrat de distribution, vous permettant de vous d\u00e9velopper rapidement et efficacement.<\/li>\n\n\n\n<li><strong>Inbound Marketing et g\u00e9n\u00e9ration de leads entrants<\/strong><br>Gr\u00e2ce \u00e0 une utilisation optimale des r\u00e9seaux sociaux et de votre site web, nous g\u00e9n\u00e9rons des leads qualifi\u00e9s. Nous g\u00e9rons l\u2019ensemble du processus, de l\u2019identification des prospects \u00e0 la n\u00e9gociation, jusqu\u2019au closing.<\/li>\n\n\n\n<li><strong>Outbound Marketing et prospection directe<\/strong><br>Nous mettons en place des strat\u00e9gies de prospection directe aupr\u00e8s de clients finaux : de l\u2019identification \u00e0 la n\u00e9gociation, jusqu\u2019\u00e0 la signature du bon de commande.<\/li>\n\n\n\n<li><strong>Pr\u00e9sence sur salons professionnels<\/strong><br>Nous repr\u00e9sentons votre entreprise sur les salons en Allemagne, Suisse et Autriche, assurant ainsi une visibilit\u00e9 directe aupr\u00e8s de vos clients et partenaires potentiels.<\/li>\n\n\n\n<li><strong>Localisation de vos outils marketing<\/strong><br>Nous adaptons vos supports marketing (brochures, sites web, kits commerciaux) au march\u00e9 germanophone pour garantir une communication impactante et pertinente.<\/li>\n\n\n\n<li><strong>Analyse de potentiel et strat\u00e9gie d&rsquo;expansion<\/strong><br>Nous r\u00e9alisons une analyse d\u00e9taill\u00e9e du potentiel de votre entreprise sur le march\u00e9 DACH et vous conseillons sur les meilleures strat\u00e9gies pour votre croissance, que ce soit par des partenariats ou des acquisitions.<\/li>\n\n\n\n<li><strong>Support client et coordination franco-allemande<\/strong><br>Nous assurons le suivi client et la coordination de projets franco-allemands pour garantir l\u2019impl\u00e9mentation r\u00e9ussie de vos solutions technologiques chez vos nouveaux clients.<\/li>\n<\/ul>\n\n\n\n<p><\/p>\n\n\n\n<p><strong>Nos experts Business Development Representative, Sales Development Representative et Account Executive sont en Allemagne pour vous repr\u00e9senter et d\u00e9velopper votre business.<\/strong><\/p>\n\n\n\n<p><a href=\"https:\/\/startingfrance.com\/fr\/contactez-nous-startingfrance\/\">Contactez-nous<\/a> pour en savoir plus sur nos services<\/p>\n\n\n\n<p><\/p>\n\n\n\n<p><\/p>\n\n\n\n<h3 class=\"wp-block-heading\">FAQ<\/h3>\n\n\n\n<p><\/p>\n\n\n\n<details class=\"wp-block-details is-layout-flow wp-block-details-is-layout-flow\"><summary><strong>Comment StartingFrance vous aide \u00e0 trouver des partenaires en Allemagne ?<\/strong><\/summary>\n<p>Gr\u00e2ce \u00e0 notre r\u00e9seau \u00e9tabli dans la r\u00e9gion DACH et notre expertise du march\u00e9 local, nous identifions et approchons les bons partenaires pour votre entreprise (distributeurs, revendeurs, int\u00e9grateurs). Nous vous accompagnons dans toutes les \u00e9tapes, depuis la premi\u00e8re prise de contact jusqu\u2019\u00e0 la signature du contrat, afin d\u2019assurer une collaboration fructueuse.<\/p>\n<\/details>\n\n\n\n<p><\/p>\n\n\n\n<p><\/p>\n\n\n\n<details class=\"wp-block-details is-layout-flow wp-block-details-is-layout-flow\"><summary><strong>Pourquoi est-il important de localiser les supports marketing pour le march\u00e9 germanophone ?<\/strong><\/summary>\n<p>La localisation des outils marketing est essentielle pour s&rsquo;adresser de mani\u00e8re pertinente \u00e0 vos prospects en Allemagne, Suisse et Autriche. Il ne s\u2019agit pas seulement de traduire vos supports, mais de les adapter aux attentes et aux sp\u00e9cificit\u00e9s culturelles locales. StartingFrance vous aide \u00e0 cr\u00e9er des supports qui r\u00e9sonnent avec votre audience germanophone, augmentant ainsi vos chances de conversion.<\/p>\n<\/details>\n\n\n\n<p><\/p>\n\n\n\n<p><\/p>\n\n\n\n<details class=\"wp-block-details is-layout-flow wp-block-details-is-layout-flow\"><summary><strong>Qu\u2019est-ce que l\u2019analyse de potentiel et pourquoi en ai-je besoin ?<\/strong><\/summary>\n<p>L\u2019analyse de potentiel permet d\u2019\u00e9valuer les opportunit\u00e9s de croissance sur le march\u00e9 DACH, en tenant compte de vos forces, des besoins locaux et de la concurrence. Ce diagnostic vous permet d\u2019ajuster votre strat\u00e9gie pour maximiser vos chances de succ\u00e8s. StartingFrance r\u00e9alise cette analyse pour vous et vous guide dans le choix des meilleures approches, qu\u2019il s\u2019agisse de partenariats, de croissance externe ou de prospection directe.<\/p>\n<\/details>\n\n\n\n<p><\/p>\n\n\n\n<p><\/p>\n\n\n\n<div style=\"height:100px\" aria-hidden=\"true\" class=\"wp-block-spacer\"><\/div>\n","protected":false},"excerpt":{"rendered":"<p>StartingFrance vous accompagne dans votre expansion en Allemagne, Suisse et Autriche (la r\u00e9gion DACH), en vous offrant un large \u00e9ventail de services adapt\u00e9s \u00e0 vos besoins [&#8230;] <\/p>\n","protected":false},"author":1,"featured_media":0,"parent":1260,"menu_order":0,"comment_status":"closed","ping_status":"closed","template":"","meta":{"footnotes":""},"class_list":["post-1317","page","type-page","status-publish","hentry"],"yoast_head":"<!-- This site is optimized with the Yoast SEO plugin v27.4 - https:\/\/yoast.com\/product\/yoast-seo-wordpress\/ -->\n<title>Que proposons-nous - Expansion en Allemagne | StartingFrance<\/title>\n<meta name=\"description\" content=\"Expansion en Allemagne, Suisse, Autriche : StartingFrance propose des services sur mesure pour r\u00e9ussir sur le march\u00e9 DACH.\" \/>\n<meta name=\"robots\" content=\"index, follow, max-snippet:-1, max-image-preview:large, max-video-preview:-1\" \/>\n<link rel=\"canonical\" href=\"https:\/\/startingfrance.com\/fr\/nos-services\/que-proposons-nous\/\" \/>\n<meta property=\"og:locale\" content=\"fr_FR\" \/>\n<meta property=\"og:type\" content=\"article\" \/>\n<meta property=\"og:title\" content=\"Que proposons-nous - Expansion en Allemagne | StartingFrance\" \/>\n<meta property=\"og:description\" content=\"Expansion en Allemagne, Suisse, Autriche : StartingFrance propose des services sur mesure pour r\u00e9ussir sur le march\u00e9 DACH.\" \/>\n<meta property=\"og:url\" content=\"https:\/\/startingfrance.com\/fr\/nos-services\/que-proposons-nous\/\" \/>\n<meta property=\"og:site_name\" content=\"StartingFrance\" \/>\n<meta property=\"article:modified_time\" content=\"2024-11-18T14:46:30+00:00\" \/>\n<meta property=\"og:image\" content=\"https:\/\/startingfrance.com\/sf2020\/wp-content\/uploads\/2020\/01\/startingfrance.jpg\" \/>\n\t<meta property=\"og:image:width\" content=\"800\" \/>\n\t<meta property=\"og:image:height\" content=\"139\" \/>\n\t<meta property=\"og:image:type\" content=\"image\/jpeg\" \/>\n<meta name=\"twitter:card\" content=\"summary_large_image\" \/>\n<meta name=\"twitter:label1\" content=\"Dur\u00e9e de lecture estim\u00e9e\" \/>\n\t<meta name=\"twitter:data1\" content=\"3 minutes\" \/>\n<script type=\"application\/ld+json\" class=\"yoast-schema-graph\">{\"@context\":\"https:\\\/\\\/schema.org\",\"@graph\":[{\"@type\":\"WebPage\",\"@id\":\"https:\\\/\\\/startingfrance.com\\\/fr\\\/nos-services\\\/que-proposons-nous\\\/\",\"url\":\"https:\\\/\\\/startingfrance.com\\\/fr\\\/nos-services\\\/que-proposons-nous\\\/\",\"name\":\"Que proposons-nous - Expansion en Allemagne | StartingFrance\",\"isPartOf\":{\"@id\":\"https:\\\/\\\/startingfrance.com\\\/fr\\\/#website\"},\"datePublished\":\"2018-06-14T19:00:53+00:00\",\"dateModified\":\"2024-11-18T14:46:30+00:00\",\"description\":\"Expansion en Allemagne, Suisse, Autriche : StartingFrance propose des services sur mesure pour r\u00e9ussir sur le march\u00e9 DACH.\",\"breadcrumb\":{\"@id\":\"https:\\\/\\\/startingfrance.com\\\/fr\\\/nos-services\\\/que-proposons-nous\\\/#breadcrumb\"},\"inLanguage\":\"fr-FR\",\"potentialAction\":[{\"@type\":\"ReadAction\",\"target\":[\"https:\\\/\\\/startingfrance.com\\\/fr\\\/nos-services\\\/que-proposons-nous\\\/\"]}]},{\"@type\":\"BreadcrumbList\",\"@id\":\"https:\\\/\\\/startingfrance.com\\\/fr\\\/nos-services\\\/que-proposons-nous\\\/#breadcrumb\",\"itemListElement\":[{\"@type\":\"ListItem\",\"position\":1,\"name\":\"Startseite\",\"item\":\"https:\\\/\\\/startingfrance.com\\\/fr\\\/start\\\/\"},{\"@type\":\"ListItem\",\"position\":2,\"name\":\"Nos services\",\"item\":\"https:\\\/\\\/startingfrance.com\\\/fr\\\/nos-services\\\/\"},{\"@type\":\"ListItem\",\"position\":3,\"name\":\"Que proposons-nous\"}]},{\"@type\":\"WebSite\",\"@id\":\"https:\\\/\\\/startingfrance.com\\\/fr\\\/#website\",\"url\":\"https:\\\/\\\/startingfrance.com\\\/fr\\\/\",\"name\":\"StartingFrance\",\"description\":\"Mannheim - Paris\",\"publisher\":{\"@id\":\"https:\\\/\\\/startingfrance.com\\\/fr\\\/#organization\"},\"potentialAction\":[{\"@type\":\"SearchAction\",\"target\":{\"@type\":\"EntryPoint\",\"urlTemplate\":\"https:\\\/\\\/startingfrance.com\\\/fr\\\/?s={search_term_string}\"},\"query-input\":{\"@type\":\"PropertyValueSpecification\",\"valueRequired\":true,\"valueName\":\"search_term_string\"}}],\"inLanguage\":\"fr-FR\"},{\"@type\":\"Organization\",\"@id\":\"https:\\\/\\\/startingfrance.com\\\/fr\\\/#organization\",\"name\":\"StartingFrance\",\"url\":\"https:\\\/\\\/startingfrance.com\\\/fr\\\/\",\"logo\":{\"@type\":\"ImageObject\",\"inLanguage\":\"fr-FR\",\"@id\":\"https:\\\/\\\/startingfrance.com\\\/fr\\\/#\\\/schema\\\/logo\\\/image\\\/\",\"url\":\"https:\\\/\\\/startingfrance.com\\\/sf2020\\\/wp-content\\\/uploads\\\/2020\\\/01\\\/startingfrance.jpg\",\"contentUrl\":\"https:\\\/\\\/startingfrance.com\\\/sf2020\\\/wp-content\\\/uploads\\\/2020\\\/01\\\/startingfrance.jpg\",\"width\":800,\"height\":139,\"caption\":\"StartingFrance\"},\"image\":{\"@id\":\"https:\\\/\\\/startingfrance.com\\\/fr\\\/#\\\/schema\\\/logo\\\/image\\\/\"},\"sameAs\":[\"https:\\\/\\\/www.linkedin.com\\\/company\\\/startingfrance\\\/\"]}]}<\/script>\n<!-- \/ Yoast SEO plugin. -->","yoast_head_json":{"title":"Que proposons-nous - Expansion en Allemagne | StartingFrance","description":"Expansion en Allemagne, Suisse, Autriche : StartingFrance propose des services sur mesure pour r\u00e9ussir sur le march\u00e9 DACH.","robots":{"index":"index","follow":"follow","max-snippet":"max-snippet:-1","max-image-preview":"max-image-preview:large","max-video-preview":"max-video-preview:-1"},"canonical":"https:\/\/startingfrance.com\/fr\/nos-services\/que-proposons-nous\/","og_locale":"fr_FR","og_type":"article","og_title":"Que proposons-nous - Expansion en Allemagne | StartingFrance","og_description":"Expansion en Allemagne, Suisse, Autriche : StartingFrance propose des services sur mesure pour r\u00e9ussir sur le march\u00e9 DACH.","og_url":"https:\/\/startingfrance.com\/fr\/nos-services\/que-proposons-nous\/","og_site_name":"StartingFrance","article_modified_time":"2024-11-18T14:46:30+00:00","og_image":[{"width":800,"height":139,"url":"https:\/\/startingfrance.com\/sf2020\/wp-content\/uploads\/2020\/01\/startingfrance.jpg","type":"image\/jpeg"}],"twitter_card":"summary_large_image","twitter_misc":{"Dur\u00e9e de lecture estim\u00e9e":"3 minutes"},"schema":{"@context":"https:\/\/schema.org","@graph":[{"@type":"WebPage","@id":"https:\/\/startingfrance.com\/fr\/nos-services\/que-proposons-nous\/","url":"https:\/\/startingfrance.com\/fr\/nos-services\/que-proposons-nous\/","name":"Que proposons-nous - Expansion en Allemagne | StartingFrance","isPartOf":{"@id":"https:\/\/startingfrance.com\/fr\/#website"},"datePublished":"2018-06-14T19:00:53+00:00","dateModified":"2024-11-18T14:46:30+00:00","description":"Expansion en Allemagne, Suisse, Autriche : StartingFrance propose des services sur mesure pour r\u00e9ussir sur le march\u00e9 DACH.","breadcrumb":{"@id":"https:\/\/startingfrance.com\/fr\/nos-services\/que-proposons-nous\/#breadcrumb"},"inLanguage":"fr-FR","potentialAction":[{"@type":"ReadAction","target":["https:\/\/startingfrance.com\/fr\/nos-services\/que-proposons-nous\/"]}]},{"@type":"BreadcrumbList","@id":"https:\/\/startingfrance.com\/fr\/nos-services\/que-proposons-nous\/#breadcrumb","itemListElement":[{"@type":"ListItem","position":1,"name":"Startseite","item":"https:\/\/startingfrance.com\/fr\/start\/"},{"@type":"ListItem","position":2,"name":"Nos services","item":"https:\/\/startingfrance.com\/fr\/nos-services\/"},{"@type":"ListItem","position":3,"name":"Que proposons-nous"}]},{"@type":"WebSite","@id":"https:\/\/startingfrance.com\/fr\/#website","url":"https:\/\/startingfrance.com\/fr\/","name":"StartingFrance","description":"Mannheim - Paris","publisher":{"@id":"https:\/\/startingfrance.com\/fr\/#organization"},"potentialAction":[{"@type":"SearchAction","target":{"@type":"EntryPoint","urlTemplate":"https:\/\/startingfrance.com\/fr\/?s={search_term_string}"},"query-input":{"@type":"PropertyValueSpecification","valueRequired":true,"valueName":"search_term_string"}}],"inLanguage":"fr-FR"},{"@type":"Organization","@id":"https:\/\/startingfrance.com\/fr\/#organization","name":"StartingFrance","url":"https:\/\/startingfrance.com\/fr\/","logo":{"@type":"ImageObject","inLanguage":"fr-FR","@id":"https:\/\/startingfrance.com\/fr\/#\/schema\/logo\/image\/","url":"https:\/\/startingfrance.com\/sf2020\/wp-content\/uploads\/2020\/01\/startingfrance.jpg","contentUrl":"https:\/\/startingfrance.com\/sf2020\/wp-content\/uploads\/2020\/01\/startingfrance.jpg","width":800,"height":139,"caption":"StartingFrance"},"image":{"@id":"https:\/\/startingfrance.com\/fr\/#\/schema\/logo\/image\/"},"sameAs":["https:\/\/www.linkedin.com\/company\/startingfrance\/"]}]}},"featured_image_src":null,"featured_image_src_square":null,"_links":{"self":[{"href":"https:\/\/startingfrance.com\/fr\/wp-json\/wp\/v2\/pages\/1317","targetHints":{"allow":["GET"]}}],"collection":[{"href":"https:\/\/startingfrance.com\/fr\/wp-json\/wp\/v2\/pages"}],"about":[{"href":"https:\/\/startingfrance.com\/fr\/wp-json\/wp\/v2\/types\/page"}],"author":[{"embeddable":true,"href":"https:\/\/startingfrance.com\/fr\/wp-json\/wp\/v2\/users\/1"}],"replies":[{"embeddable":true,"href":"https:\/\/startingfrance.com\/fr\/wp-json\/wp\/v2\/comments?post=1317"}],"version-history":[{"count":0,"href":"https:\/\/startingfrance.com\/fr\/wp-json\/wp\/v2\/pages\/1317\/revisions"}],"up":[{"embeddable":true,"href":"https:\/\/startingfrance.com\/fr\/wp-json\/wp\/v2\/pages\/1260"}],"wp:attachment":[{"href":"https:\/\/startingfrance.com\/fr\/wp-json\/wp\/v2\/media?parent=1317"}],"curies":[{"name":"wp","href":"https:\/\/api.w.org\/{rel}","templated":true}]}}