{"id":1314,"date":"2018-06-14T20:59:06","date_gmt":"2018-06-14T18:59:06","guid":{"rendered":"https:\/\/startingfrance.com\/pourquoi-un-accompagnement\/"},"modified":"2024-11-06T11:43:34","modified_gmt":"2024-11-06T10:43:34","slug":"pourquoi-un-accompagnement","status":"publish","type":"page","link":"https:\/\/startingfrance.com\/fr\/nos-services\/pourquoi-un-accompagnement\/","title":{"rendered":"Pourquoi un accompagnement ?"},"content":{"rendered":"\n<p>Entrer sur le march\u00e9 allemand peut sembler complexe, mais avec un bon accompagnement, vos chances de succ\u00e8s augmentent consid\u00e9rablement. Voici pourquoi :<\/p>\n\n\n\n<ul class=\"wp-block-list\">\n<li><strong>Acc\u00e8s \u00e0 un r\u00e9seau solide<\/strong><br>B\u00e9n\u00e9ficiez de notre carnet d&rsquo;adresses \u00e9tabli aupr\u00e8s des clients finaux, int\u00e9grateurs, soci\u00e9t\u00e9s de services, \u00e9diteurs de logiciels, distributeurs et multiplicateurs en Allemagne. Un acc\u00e8s privil\u00e9gi\u00e9 \u00e0 des partenaires strat\u00e9giques et compl\u00e9mentaires peut faire toute la diff\u00e9rence dans votre d\u00e9veloppement.<\/li>\n\n\n\n<li><strong>M\u00e9thodologie et pers\u00e9v\u00e9rance<\/strong><br>Approcher le march\u00e9 allemand exige une strat\u00e9gie claire et une forte t\u00e9nacit\u00e9. Nous vous accompagnons pas \u00e0 pas pour structurer votre approche et adapter vos offres aux attentes des clients finaux, avec rigueur et efficacit\u00e9.<\/li>\n\n\n\n<li><strong>Langue et culture : un obstacle, mais pas une impasse<\/strong><br>Peu d\u2019Allemands parlent le fran\u00e7ais et l\u2019anglais est moins ma\u00eetris\u00e9 qu\u2019au Nord de l\u2019Europe. Nos commerciaux bilingues facilitent la communication et \u00e9vitent les malentendus culturels pour vous ouvrir les portes du march\u00e9 allemand.<\/li>\n\n\n\n<li><strong>Concurrence et partenaires potentiels<\/strong><br>Comprendre le paysage concurrentiel en Allemagne est crucial pour se positionner de mani\u00e8re strat\u00e9gique. Nous identifions pour vous les partenaires et opportunit\u00e9s enduser qui vous permettront de vous d\u00e9marquer.<\/li>\n<\/ul>\n\n\n\n<p><a href=\"https:\/\/startingfrance.com\/fr\/nos-services\/que-proposons-nous\/\">D\u00e9couvrez comment StartingFrance peut vous accompagner<\/a><\/p>\n\n\n\n<p><\/p>\n\n\n\n<p><\/p>\n\n\n\n<h3 class=\"wp-block-heading\">FAQ<\/h3>\n\n\n\n<p><\/p>\n\n\n\n<details class=\"wp-block-details is-layout-flow wp-block-details-is-layout-flow\"><summary><strong>Pourquoi est-il important d&rsquo;avoir un accompagnement pour le march\u00e9 allemand ?<\/strong><\/summary>\n<p>L&rsquo;Allemagne a des sp\u00e9cificit\u00e9s culturelles et commerciales. Un accompagnement vous permet de comprendre ces particularit\u00e9s, de vous adapter plus rapidement, et de b\u00e9n\u00e9ficier d\u2019un r\u00e9seau d&rsquo;experts locaux qui vous ouvrent des portes plus rapidement. StartingFrance vous aide \u00e0 \u00e9viter les erreurs courantes et \u00e0 maximiser vos chances de r\u00e9ussite.<\/p>\n<\/details>\n\n\n\n<p><\/p>\n\n\n\n<p><\/p>\n\n\n\n<details class=\"wp-block-details is-layout-flow wp-block-details-is-layout-flow\"><summary><strong>Est-ce que le fait de ne pas parler allemand est un r\u00e9el frein ?<\/strong><\/summary>\n<p>La langue peut repr\u00e9senter un d\u00e9fi, mais ce n&rsquo;est pas un obstacle insurmontable. Nos \u00e9quipes bilingues facilitent les interactions, s&rsquo;assurent que vos messages sont bien compris et \u00e9vitent les quiproquos culturels. Nous aidons \u00e9galement \u00e0 la localisation de vos supports pour une approche plus cr\u00e9dible et efficace aupr\u00e8s de vos interlocuteurs allemands.<\/p>\n<\/details>\n\n\n\n<p><\/p>\n\n\n\n<p><\/p>\n\n\n\n<details class=\"wp-block-details is-layout-flow wp-block-details-is-layout-flow\"><summary><strong>Comment StartingFrance peut-elle m\u2019aider \u00e0 trouver des partenaires en Allemagne ?<\/strong><\/summary>\n<p>Gr\u00e2ce \u00e0 notre r\u00e9seau \u00e9tabli depuis plus de 15 ans, nous avons acc\u00e8s \u00e0 des int\u00e9grateurs, distributeurs, \u00e9diteurs et autres partenaires potentiels dans plusieurs secteurs en Allemagne. Nous identifions ceux qui correspondent le mieux \u00e0 vos besoins et nous vous accompagnons dans l&rsquo;\u00e9tablissement de relations solides et durables.<\/p>\n<\/details>\n\n\n\n<p><\/p>\n\n\n\n<div style=\"height:100px\" aria-hidden=\"true\" class=\"wp-block-spacer\"><\/div>\n","protected":false},"excerpt":{"rendered":"<p>Entrer sur le march\u00e9 allemand peut sembler complexe, mais avec un bon accompagnement, vos chances de succ\u00e8s augmentent consid\u00e9rablement. Voici pourquoi : D\u00e9couvrez comment StartingFrance peut [&#8230;] <\/p>\n","protected":false},"author":1,"featured_media":0,"parent":1260,"menu_order":0,"comment_status":"closed","ping_status":"closed","template":"","meta":{"footnotes":""},"class_list":["post-1314","page","type-page","status-publish","hentry"],"yoast_head":"<!-- This site is optimized with the Yoast SEO plugin v27.4 - https:\/\/yoast.com\/product\/yoast-seo-wordpress\/ -->\n<title>Pourquoi un accompagnement ? - StartingFrance<\/title>\n<meta name=\"description\" content=\"Augmentez vos chances de r\u00e9ussite en Allemagne gr\u00e2ce \u00e0 un accompagnement structur\u00e9 : r\u00e9seau strat\u00e9gique et solutions\" \/>\n<meta name=\"robots\" content=\"index, follow, max-snippet:-1, max-image-preview:large, max-video-preview:-1\" \/>\n<link rel=\"canonical\" href=\"https:\/\/startingfrance.com\/fr\/nos-services\/pourquoi-un-accompagnement\/\" \/>\n<meta property=\"og:locale\" content=\"fr_FR\" \/>\n<meta property=\"og:type\" content=\"article\" \/>\n<meta property=\"og:title\" content=\"Pourquoi un accompagnement ? - StartingFrance\" \/>\n<meta property=\"og:description\" content=\"Augmentez vos chances de r\u00e9ussite en Allemagne gr\u00e2ce \u00e0 un accompagnement structur\u00e9 : r\u00e9seau strat\u00e9gique et solutions\" \/>\n<meta property=\"og:url\" content=\"https:\/\/startingfrance.com\/fr\/nos-services\/pourquoi-un-accompagnement\/\" \/>\n<meta property=\"og:site_name\" content=\"StartingFrance\" \/>\n<meta property=\"article:modified_time\" content=\"2024-11-06T10:43:34+00:00\" \/>\n<meta property=\"og:image\" content=\"https:\/\/startingfrance.com\/sf2020\/wp-content\/uploads\/2020\/01\/startingfrance.jpg\" \/>\n\t<meta property=\"og:image:width\" content=\"800\" \/>\n\t<meta property=\"og:image:height\" content=\"139\" \/>\n\t<meta property=\"og:image:type\" content=\"image\/jpeg\" \/>\n<meta name=\"twitter:card\" content=\"summary_large_image\" \/>\n<meta name=\"twitter:label1\" content=\"Dur\u00e9e de lecture estim\u00e9e\" \/>\n\t<meta name=\"twitter:data1\" content=\"3 minutes\" \/>\n<script type=\"application\/ld+json\" class=\"yoast-schema-graph\">{\"@context\":\"https:\\\/\\\/schema.org\",\"@graph\":[{\"@type\":\"WebPage\",\"@id\":\"https:\\\/\\\/startingfrance.com\\\/fr\\\/nos-services\\\/pourquoi-un-accompagnement\\\/\",\"url\":\"https:\\\/\\\/startingfrance.com\\\/fr\\\/nos-services\\\/pourquoi-un-accompagnement\\\/\",\"name\":\"Pourquoi un accompagnement ? - StartingFrance\",\"isPartOf\":{\"@id\":\"https:\\\/\\\/startingfrance.com\\\/fr\\\/#website\"},\"datePublished\":\"2018-06-14T18:59:06+00:00\",\"dateModified\":\"2024-11-06T10:43:34+00:00\",\"description\":\"Augmentez vos chances de r\u00e9ussite en Allemagne gr\u00e2ce \u00e0 un accompagnement structur\u00e9 : r\u00e9seau strat\u00e9gique et solutions\",\"breadcrumb\":{\"@id\":\"https:\\\/\\\/startingfrance.com\\\/fr\\\/nos-services\\\/pourquoi-un-accompagnement\\\/#breadcrumb\"},\"inLanguage\":\"fr-FR\",\"potentialAction\":[{\"@type\":\"ReadAction\",\"target\":[\"https:\\\/\\\/startingfrance.com\\\/fr\\\/nos-services\\\/pourquoi-un-accompagnement\\\/\"]}]},{\"@type\":\"BreadcrumbList\",\"@id\":\"https:\\\/\\\/startingfrance.com\\\/fr\\\/nos-services\\\/pourquoi-un-accompagnement\\\/#breadcrumb\",\"itemListElement\":[{\"@type\":\"ListItem\",\"position\":1,\"name\":\"Startseite\",\"item\":\"https:\\\/\\\/startingfrance.com\\\/fr\\\/start\\\/\"},{\"@type\":\"ListItem\",\"position\":2,\"name\":\"Nos services\",\"item\":\"https:\\\/\\\/startingfrance.com\\\/fr\\\/nos-services\\\/\"},{\"@type\":\"ListItem\",\"position\":3,\"name\":\"Pourquoi un accompagnement ?\"}]},{\"@type\":\"WebSite\",\"@id\":\"https:\\\/\\\/startingfrance.com\\\/fr\\\/#website\",\"url\":\"https:\\\/\\\/startingfrance.com\\\/fr\\\/\",\"name\":\"StartingFrance\",\"description\":\"Mannheim - Paris\",\"publisher\":{\"@id\":\"https:\\\/\\\/startingfrance.com\\\/fr\\\/#organization\"},\"potentialAction\":[{\"@type\":\"SearchAction\",\"target\":{\"@type\":\"EntryPoint\",\"urlTemplate\":\"https:\\\/\\\/startingfrance.com\\\/fr\\\/?s={search_term_string}\"},\"query-input\":{\"@type\":\"PropertyValueSpecification\",\"valueRequired\":true,\"valueName\":\"search_term_string\"}}],\"inLanguage\":\"fr-FR\"},{\"@type\":\"Organization\",\"@id\":\"https:\\\/\\\/startingfrance.com\\\/fr\\\/#organization\",\"name\":\"StartingFrance\",\"url\":\"https:\\\/\\\/startingfrance.com\\\/fr\\\/\",\"logo\":{\"@type\":\"ImageObject\",\"inLanguage\":\"fr-FR\",\"@id\":\"https:\\\/\\\/startingfrance.com\\\/fr\\\/#\\\/schema\\\/logo\\\/image\\\/\",\"url\":\"https:\\\/\\\/startingfrance.com\\\/sf2020\\\/wp-content\\\/uploads\\\/2020\\\/01\\\/startingfrance.jpg\",\"contentUrl\":\"https:\\\/\\\/startingfrance.com\\\/sf2020\\\/wp-content\\\/uploads\\\/2020\\\/01\\\/startingfrance.jpg\",\"width\":800,\"height\":139,\"caption\":\"StartingFrance\"},\"image\":{\"@id\":\"https:\\\/\\\/startingfrance.com\\\/fr\\\/#\\\/schema\\\/logo\\\/image\\\/\"},\"sameAs\":[\"https:\\\/\\\/www.linkedin.com\\\/company\\\/startingfrance\\\/\"]}]}<\/script>\n<!-- \/ Yoast SEO plugin. -->","yoast_head_json":{"title":"Pourquoi un accompagnement ? - StartingFrance","description":"Augmentez vos chances de r\u00e9ussite en Allemagne gr\u00e2ce \u00e0 un accompagnement structur\u00e9 : r\u00e9seau strat\u00e9gique et solutions","robots":{"index":"index","follow":"follow","max-snippet":"max-snippet:-1","max-image-preview":"max-image-preview:large","max-video-preview":"max-video-preview:-1"},"canonical":"https:\/\/startingfrance.com\/fr\/nos-services\/pourquoi-un-accompagnement\/","og_locale":"fr_FR","og_type":"article","og_title":"Pourquoi un accompagnement ? - StartingFrance","og_description":"Augmentez vos chances de r\u00e9ussite en Allemagne gr\u00e2ce \u00e0 un accompagnement structur\u00e9 : r\u00e9seau strat\u00e9gique et solutions","og_url":"https:\/\/startingfrance.com\/fr\/nos-services\/pourquoi-un-accompagnement\/","og_site_name":"StartingFrance","article_modified_time":"2024-11-06T10:43:34+00:00","og_image":[{"width":800,"height":139,"url":"https:\/\/startingfrance.com\/sf2020\/wp-content\/uploads\/2020\/01\/startingfrance.jpg","type":"image\/jpeg"}],"twitter_card":"summary_large_image","twitter_misc":{"Dur\u00e9e de lecture estim\u00e9e":"3 minutes"},"schema":{"@context":"https:\/\/schema.org","@graph":[{"@type":"WebPage","@id":"https:\/\/startingfrance.com\/fr\/nos-services\/pourquoi-un-accompagnement\/","url":"https:\/\/startingfrance.com\/fr\/nos-services\/pourquoi-un-accompagnement\/","name":"Pourquoi un accompagnement ? - StartingFrance","isPartOf":{"@id":"https:\/\/startingfrance.com\/fr\/#website"},"datePublished":"2018-06-14T18:59:06+00:00","dateModified":"2024-11-06T10:43:34+00:00","description":"Augmentez vos chances de r\u00e9ussite en Allemagne gr\u00e2ce \u00e0 un accompagnement structur\u00e9 : r\u00e9seau strat\u00e9gique et solutions","breadcrumb":{"@id":"https:\/\/startingfrance.com\/fr\/nos-services\/pourquoi-un-accompagnement\/#breadcrumb"},"inLanguage":"fr-FR","potentialAction":[{"@type":"ReadAction","target":["https:\/\/startingfrance.com\/fr\/nos-services\/pourquoi-un-accompagnement\/"]}]},{"@type":"BreadcrumbList","@id":"https:\/\/startingfrance.com\/fr\/nos-services\/pourquoi-un-accompagnement\/#breadcrumb","itemListElement":[{"@type":"ListItem","position":1,"name":"Startseite","item":"https:\/\/startingfrance.com\/fr\/start\/"},{"@type":"ListItem","position":2,"name":"Nos services","item":"https:\/\/startingfrance.com\/fr\/nos-services\/"},{"@type":"ListItem","position":3,"name":"Pourquoi un accompagnement ?"}]},{"@type":"WebSite","@id":"https:\/\/startingfrance.com\/fr\/#website","url":"https:\/\/startingfrance.com\/fr\/","name":"StartingFrance","description":"Mannheim - Paris","publisher":{"@id":"https:\/\/startingfrance.com\/fr\/#organization"},"potentialAction":[{"@type":"SearchAction","target":{"@type":"EntryPoint","urlTemplate":"https:\/\/startingfrance.com\/fr\/?s={search_term_string}"},"query-input":{"@type":"PropertyValueSpecification","valueRequired":true,"valueName":"search_term_string"}}],"inLanguage":"fr-FR"},{"@type":"Organization","@id":"https:\/\/startingfrance.com\/fr\/#organization","name":"StartingFrance","url":"https:\/\/startingfrance.com\/fr\/","logo":{"@type":"ImageObject","inLanguage":"fr-FR","@id":"https:\/\/startingfrance.com\/fr\/#\/schema\/logo\/image\/","url":"https:\/\/startingfrance.com\/sf2020\/wp-content\/uploads\/2020\/01\/startingfrance.jpg","contentUrl":"https:\/\/startingfrance.com\/sf2020\/wp-content\/uploads\/2020\/01\/startingfrance.jpg","width":800,"height":139,"caption":"StartingFrance"},"image":{"@id":"https:\/\/startingfrance.com\/fr\/#\/schema\/logo\/image\/"},"sameAs":["https:\/\/www.linkedin.com\/company\/startingfrance\/"]}]}},"featured_image_src":null,"featured_image_src_square":null,"_links":{"self":[{"href":"https:\/\/startingfrance.com\/fr\/wp-json\/wp\/v2\/pages\/1314","targetHints":{"allow":["GET"]}}],"collection":[{"href":"https:\/\/startingfrance.com\/fr\/wp-json\/wp\/v2\/pages"}],"about":[{"href":"https:\/\/startingfrance.com\/fr\/wp-json\/wp\/v2\/types\/page"}],"author":[{"embeddable":true,"href":"https:\/\/startingfrance.com\/fr\/wp-json\/wp\/v2\/users\/1"}],"replies":[{"embeddable":true,"href":"https:\/\/startingfrance.com\/fr\/wp-json\/wp\/v2\/comments?post=1314"}],"version-history":[{"count":0,"href":"https:\/\/startingfrance.com\/fr\/wp-json\/wp\/v2\/pages\/1314\/revisions"}],"up":[{"embeddable":true,"href":"https:\/\/startingfrance.com\/fr\/wp-json\/wp\/v2\/pages\/1260"}],"wp:attachment":[{"href":"https:\/\/startingfrance.com\/fr\/wp-json\/wp\/v2\/media?parent=1314"}],"curies":[{"name":"wp","href":"https:\/\/api.w.org\/{rel}","templated":true}]}}