{"id":1199,"date":"2018-06-14T15:41:57","date_gmt":"2018-06-14T13:41:57","guid":{"rendered":"https:\/\/startingfrance.com\/pourquoi-lallemagne\/"},"modified":"2024-11-06T11:42:09","modified_gmt":"2024-11-06T10:42:09","slug":"pourquoi-lallemagne","status":"publish","type":"page","link":"https:\/\/startingfrance.com\/fr\/nos-services\/pourquoi-lallemagne\/","title":{"rendered":"Pourquoi l&rsquo;Allemagne ?"},"content":{"rendered":"\n<p><strong>L&rsquo;Allemagne : votre march\u00e9 cl\u00e9 pour une croissance durable.<\/strong><br>Avec une large \u00e9conomie (1,5 fois l\u2019\u00e9conomie fran\u00e7aise) et un fort potentiel BtoB, l\u2019Allemagne est de loin la premi\u00e8re destination export pour les entreprises fran\u00e7aises. Si vous ne l&rsquo;aviez pas encore envisag\u00e9, il est temps de le faire !<\/p>\n\n\n\n<p><strong>Voici pourquoi :<\/strong><\/p>\n\n\n\n<ul class=\"wp-block-list\">\n<li><strong>Premier march\u00e9 pour les entreprises fran\u00e7aises<\/strong><br>L\u2019Allemagne est le pays o\u00f9 les entreprises fran\u00e7aises r\u00e9alisent le plus de ventes. Son \u00e9conomie diversifi\u00e9e et son besoin constant de technologies innovantes en font un terrain important pour les \u00e9diteurs de logiciels et les entreprises high-tech.<\/li>\n<\/ul>\n\n\n\n<ul class=\"wp-block-list\">\n<li><strong>Une proximit\u00e9 g\u00e9ographique et r\u00e9glementaire avantageuse<\/strong><br>\u00c0 seulement 1h45 de TGV de Paris, l\u2019Allemagne partage avec la France bien plus que ses fronti\u00e8res :\n<ul class=\"wp-block-list\">\n<li>Une monnaie commune<\/li>\n\n\n\n<li>Le m\u00eame fuseau horaire<\/li>\n\n\n\n<li>Des r\u00e9glementations et directives europ\u00e9ennes identiques. <\/li>\n<\/ul>\n<\/li>\n<\/ul>\n\n\n\n<p>Cette proximit\u00e9 rend vos \u00e9changes commerciaux plus simples, sans barri\u00e8re de change ni contrainte administrative complexe.<\/p>\n\n\n\n<p><strong>Et vous, o\u00f9 en \u00eates-vous dans votre strat\u00e9gie en Allemagne ?<\/strong><\/p>\n\n\n\n<p>Quand avez-vous eu votre dernier rendez-vous avec un prospect allemand ? Si cela remonte \u00e0 longtemps ou si vous n\u2019avez pas encore cibl\u00e9 ce march\u00e9, il est peut-\u00eatre temps de r\u00e9\u00e9valuer vos priorit\u00e9s.<\/p>\n\n\n\n<p><strong>StartingFrance<\/strong> est l\u00e0 pour vous aider \u00e0 franchir cette \u00e9tape strat\u00e9gique, \u00e0 connecter avec les bons acteurs et \u00e0 maximiser vos chances de succ\u00e8s.<\/p>\n\n\n\n<p><a href=\"https:\/\/startingfrance.com\/fr\/nos-services\/\">D\u00e9couvrir nos services pour r\u00e9ussir en Allemagne<\/a><\/p>\n\n\n\n<p><\/p>\n\n\n\n<p><\/p>\n\n\n\n<h3 class=\"wp-block-heading\">FAQ<\/h3>\n\n\n\n<p><\/p>\n\n\n\n<details class=\"wp-block-details is-layout-flow wp-block-details-is-layout-flow\"><summary><strong>Faut-il absolument parler allemand pour r\u00e9ussir en Allemagne ?<\/strong><\/summary>\n<p>Notre exp\u00e9rience montre que dans la plupart des organisations, l\u2019entr\u00e9e en contact, la n\u00e9gociation et le support de 1<sup>er<\/sup> niveau doivent se faire en allemand. Il faut donc avoir cette comp\u00e9tence linguistique en interne ou s\u2019appuyer sur une \u00e9quipe locale sp\u00e9cialis\u00e9e.<\/p>\n\n\n\n<p>L\u2019expert et le manager peuvent eux g\u00e9n\u00e9ralement s\u2019exprimer en anglais.<\/p>\n\n\n\n<p>Chez StartingFrance, nous vous accompagnons dans la mise en place d\u2019outils de communication efficaces et vous offrons une pr\u00e9sence locale, avec une \u00e9quipe franco-allemande exp\u00e9riment\u00e9e pour faciliter vos d\u00e9marches commerciales.<\/p>\n<\/details>\n\n\n\n<p><\/p>\n\n\n\n<p><\/p>\n\n\n\n<details class=\"wp-block-details is-layout-flow wp-block-details-is-layout-flow\"><summary><strong>Le march\u00e9 allemand est-il uniquement accessible aux grandes soci\u00e9t\u00e9s technologiques ?<\/strong><\/summary>\n<p>Pas du tout ! Le march\u00e9 allemand est tout aussi accessible pour un \u00e9diteur de taille moyenne. L&rsquo;Allemagne compte un r\u00e9seau dense de <em>Mittelstand<\/em> (ETI allemandes), tr\u00e8s internationales et voulant envisager les derni\u00e8res innovations. StartingFrance vous aide \u00e0 cibler les bons prospects et \u00e0 structurer votre approche pour maximiser vos opportunit\u00e9s.<\/p>\n<\/details>\n\n\n\n<p><\/p>\n\n\n\n<p><\/p>\n\n\n\n<details class=\"wp-block-details is-layout-flow wp-block-details-is-layout-flow\"><summary><strong>Quelles sont les principales erreurs \u00e0 \u00e9viter en entrant sur le march\u00e9 allemand ?<\/strong><\/summary>\n<p>Les entreprises qui r\u00e9ussissent sont celles qui investissent dans une pr\u00e9paration minutieuse et dans la dur\u00e9e : traduire et adapter les supports, comprendre les attentes du march\u00e9 local\u2026 . Il est important \u00e9galement de montrer de la flexibilit\u00e9 et d\u2019adopter une attitude de s\u00e9duction. StartingFrance vous guide \u00e0 chaque \u00e9tape pour \u00e9viter ces erreurs et optimiser votre strat\u00e9gie.<\/p>\n<\/details>\n\n\n\n<p><\/p>\n\n\n\n<p><\/p>\n","protected":false},"excerpt":{"rendered":"<p>L&rsquo;Allemagne : votre march\u00e9 cl\u00e9 pour une croissance durable.Avec une large \u00e9conomie (1,5 fois l\u2019\u00e9conomie fran\u00e7aise) et un fort potentiel BtoB, l\u2019Allemagne est de loin la [&#8230;] <\/p>\n","protected":false},"author":1,"featured_media":0,"parent":1260,"menu_order":0,"comment_status":"closed","ping_status":"closed","template":"","meta":{"footnotes":""},"class_list":["post-1199","page","type-page","status-publish","hentry"],"yoast_head":"<!-- This site is optimized with the Yoast SEO plugin v27.4 - https:\/\/yoast.com\/product\/yoast-seo-wordpress\/ -->\n<title>Pourquoi l&#039;Allemagne ? - StartingFrance<\/title>\n<meta name=\"description\" content=\"L\u2019Allemagne, premier march\u00e9 BtoB pour les entreprises fran\u00e7aises. Profitez d\u2019une \u00e9conomie dynamique et proche. StartingFrance vous accompagne\" \/>\n<meta name=\"robots\" content=\"index, follow, max-snippet:-1, max-image-preview:large, max-video-preview:-1\" \/>\n<link rel=\"canonical\" href=\"https:\/\/startingfrance.com\/fr\/nos-services\/pourquoi-lallemagne\/\" \/>\n<meta property=\"og:locale\" content=\"fr_FR\" \/>\n<meta property=\"og:type\" content=\"article\" \/>\n<meta property=\"og:title\" content=\"Pourquoi l&#039;Allemagne ? - StartingFrance\" \/>\n<meta property=\"og:description\" content=\"L\u2019Allemagne, premier march\u00e9 BtoB pour les entreprises fran\u00e7aises. Profitez d\u2019une \u00e9conomie dynamique et proche. StartingFrance vous accompagne\" \/>\n<meta property=\"og:url\" content=\"https:\/\/startingfrance.com\/fr\/nos-services\/pourquoi-lallemagne\/\" \/>\n<meta property=\"og:site_name\" content=\"StartingFrance\" \/>\n<meta property=\"article:modified_time\" content=\"2024-11-06T10:42:09+00:00\" \/>\n<meta property=\"og:image\" content=\"https:\/\/startingfrance.com\/sf2020\/wp-content\/uploads\/2020\/01\/startingfrance.jpg\" \/>\n\t<meta property=\"og:image:width\" content=\"800\" \/>\n\t<meta property=\"og:image:height\" content=\"139\" \/>\n\t<meta property=\"og:image:type\" content=\"image\/jpeg\" \/>\n<meta name=\"twitter:card\" content=\"summary_large_image\" \/>\n<meta name=\"twitter:label1\" content=\"Dur\u00e9e de lecture estim\u00e9e\" \/>\n\t<meta name=\"twitter:data1\" content=\"3 minutes\" \/>\n<script type=\"application\/ld+json\" class=\"yoast-schema-graph\">{\"@context\":\"https:\\\/\\\/schema.org\",\"@graph\":[{\"@type\":\"WebPage\",\"@id\":\"https:\\\/\\\/startingfrance.com\\\/fr\\\/nos-services\\\/pourquoi-lallemagne\\\/\",\"url\":\"https:\\\/\\\/startingfrance.com\\\/fr\\\/nos-services\\\/pourquoi-lallemagne\\\/\",\"name\":\"Pourquoi l'Allemagne ? - StartingFrance\",\"isPartOf\":{\"@id\":\"https:\\\/\\\/startingfrance.com\\\/fr\\\/#website\"},\"datePublished\":\"2018-06-14T13:41:57+00:00\",\"dateModified\":\"2024-11-06T10:42:09+00:00\",\"description\":\"L\u2019Allemagne, premier march\u00e9 BtoB pour les entreprises fran\u00e7aises. Profitez d\u2019une \u00e9conomie dynamique et proche. StartingFrance vous accompagne\",\"breadcrumb\":{\"@id\":\"https:\\\/\\\/startingfrance.com\\\/fr\\\/nos-services\\\/pourquoi-lallemagne\\\/#breadcrumb\"},\"inLanguage\":\"fr-FR\",\"potentialAction\":[{\"@type\":\"ReadAction\",\"target\":[\"https:\\\/\\\/startingfrance.com\\\/fr\\\/nos-services\\\/pourquoi-lallemagne\\\/\"]}]},{\"@type\":\"BreadcrumbList\",\"@id\":\"https:\\\/\\\/startingfrance.com\\\/fr\\\/nos-services\\\/pourquoi-lallemagne\\\/#breadcrumb\",\"itemListElement\":[{\"@type\":\"ListItem\",\"position\":1,\"name\":\"Startseite\",\"item\":\"https:\\\/\\\/startingfrance.com\\\/fr\\\/start\\\/\"},{\"@type\":\"ListItem\",\"position\":2,\"name\":\"Nos services\",\"item\":\"https:\\\/\\\/startingfrance.com\\\/fr\\\/nos-services\\\/\"},{\"@type\":\"ListItem\",\"position\":3,\"name\":\"Pourquoi l&#8217;Allemagne ?\"}]},{\"@type\":\"WebSite\",\"@id\":\"https:\\\/\\\/startingfrance.com\\\/fr\\\/#website\",\"url\":\"https:\\\/\\\/startingfrance.com\\\/fr\\\/\",\"name\":\"StartingFrance\",\"description\":\"Mannheim - Paris\",\"publisher\":{\"@id\":\"https:\\\/\\\/startingfrance.com\\\/fr\\\/#organization\"},\"potentialAction\":[{\"@type\":\"SearchAction\",\"target\":{\"@type\":\"EntryPoint\",\"urlTemplate\":\"https:\\\/\\\/startingfrance.com\\\/fr\\\/?s={search_term_string}\"},\"query-input\":{\"@type\":\"PropertyValueSpecification\",\"valueRequired\":true,\"valueName\":\"search_term_string\"}}],\"inLanguage\":\"fr-FR\"},{\"@type\":\"Organization\",\"@id\":\"https:\\\/\\\/startingfrance.com\\\/fr\\\/#organization\",\"name\":\"StartingFrance\",\"url\":\"https:\\\/\\\/startingfrance.com\\\/fr\\\/\",\"logo\":{\"@type\":\"ImageObject\",\"inLanguage\":\"fr-FR\",\"@id\":\"https:\\\/\\\/startingfrance.com\\\/fr\\\/#\\\/schema\\\/logo\\\/image\\\/\",\"url\":\"https:\\\/\\\/startingfrance.com\\\/sf2020\\\/wp-content\\\/uploads\\\/2020\\\/01\\\/startingfrance.jpg\",\"contentUrl\":\"https:\\\/\\\/startingfrance.com\\\/sf2020\\\/wp-content\\\/uploads\\\/2020\\\/01\\\/startingfrance.jpg\",\"width\":800,\"height\":139,\"caption\":\"StartingFrance\"},\"image\":{\"@id\":\"https:\\\/\\\/startingfrance.com\\\/fr\\\/#\\\/schema\\\/logo\\\/image\\\/\"},\"sameAs\":[\"https:\\\/\\\/www.linkedin.com\\\/company\\\/startingfrance\\\/\"]}]}<\/script>\n<!-- \/ Yoast SEO plugin. -->","yoast_head_json":{"title":"Pourquoi l'Allemagne ? - StartingFrance","description":"L\u2019Allemagne, premier march\u00e9 BtoB pour les entreprises fran\u00e7aises. Profitez d\u2019une \u00e9conomie dynamique et proche. StartingFrance vous accompagne","robots":{"index":"index","follow":"follow","max-snippet":"max-snippet:-1","max-image-preview":"max-image-preview:large","max-video-preview":"max-video-preview:-1"},"canonical":"https:\/\/startingfrance.com\/fr\/nos-services\/pourquoi-lallemagne\/","og_locale":"fr_FR","og_type":"article","og_title":"Pourquoi l'Allemagne ? - StartingFrance","og_description":"L\u2019Allemagne, premier march\u00e9 BtoB pour les entreprises fran\u00e7aises. Profitez d\u2019une \u00e9conomie dynamique et proche. StartingFrance vous accompagne","og_url":"https:\/\/startingfrance.com\/fr\/nos-services\/pourquoi-lallemagne\/","og_site_name":"StartingFrance","article_modified_time":"2024-11-06T10:42:09+00:00","og_image":[{"width":800,"height":139,"url":"https:\/\/startingfrance.com\/sf2020\/wp-content\/uploads\/2020\/01\/startingfrance.jpg","type":"image\/jpeg"}],"twitter_card":"summary_large_image","twitter_misc":{"Dur\u00e9e de lecture estim\u00e9e":"3 minutes"},"schema":{"@context":"https:\/\/schema.org","@graph":[{"@type":"WebPage","@id":"https:\/\/startingfrance.com\/fr\/nos-services\/pourquoi-lallemagne\/","url":"https:\/\/startingfrance.com\/fr\/nos-services\/pourquoi-lallemagne\/","name":"Pourquoi l'Allemagne ? - StartingFrance","isPartOf":{"@id":"https:\/\/startingfrance.com\/fr\/#website"},"datePublished":"2018-06-14T13:41:57+00:00","dateModified":"2024-11-06T10:42:09+00:00","description":"L\u2019Allemagne, premier march\u00e9 BtoB pour les entreprises fran\u00e7aises. Profitez d\u2019une \u00e9conomie dynamique et proche. StartingFrance vous accompagne","breadcrumb":{"@id":"https:\/\/startingfrance.com\/fr\/nos-services\/pourquoi-lallemagne\/#breadcrumb"},"inLanguage":"fr-FR","potentialAction":[{"@type":"ReadAction","target":["https:\/\/startingfrance.com\/fr\/nos-services\/pourquoi-lallemagne\/"]}]},{"@type":"BreadcrumbList","@id":"https:\/\/startingfrance.com\/fr\/nos-services\/pourquoi-lallemagne\/#breadcrumb","itemListElement":[{"@type":"ListItem","position":1,"name":"Startseite","item":"https:\/\/startingfrance.com\/fr\/start\/"},{"@type":"ListItem","position":2,"name":"Nos services","item":"https:\/\/startingfrance.com\/fr\/nos-services\/"},{"@type":"ListItem","position":3,"name":"Pourquoi l&#8217;Allemagne ?"}]},{"@type":"WebSite","@id":"https:\/\/startingfrance.com\/fr\/#website","url":"https:\/\/startingfrance.com\/fr\/","name":"StartingFrance","description":"Mannheim - Paris","publisher":{"@id":"https:\/\/startingfrance.com\/fr\/#organization"},"potentialAction":[{"@type":"SearchAction","target":{"@type":"EntryPoint","urlTemplate":"https:\/\/startingfrance.com\/fr\/?s={search_term_string}"},"query-input":{"@type":"PropertyValueSpecification","valueRequired":true,"valueName":"search_term_string"}}],"inLanguage":"fr-FR"},{"@type":"Organization","@id":"https:\/\/startingfrance.com\/fr\/#organization","name":"StartingFrance","url":"https:\/\/startingfrance.com\/fr\/","logo":{"@type":"ImageObject","inLanguage":"fr-FR","@id":"https:\/\/startingfrance.com\/fr\/#\/schema\/logo\/image\/","url":"https:\/\/startingfrance.com\/sf2020\/wp-content\/uploads\/2020\/01\/startingfrance.jpg","contentUrl":"https:\/\/startingfrance.com\/sf2020\/wp-content\/uploads\/2020\/01\/startingfrance.jpg","width":800,"height":139,"caption":"StartingFrance"},"image":{"@id":"https:\/\/startingfrance.com\/fr\/#\/schema\/logo\/image\/"},"sameAs":["https:\/\/www.linkedin.com\/company\/startingfrance\/"]}]}},"featured_image_src":null,"featured_image_src_square":null,"_links":{"self":[{"href":"https:\/\/startingfrance.com\/fr\/wp-json\/wp\/v2\/pages\/1199","targetHints":{"allow":["GET"]}}],"collection":[{"href":"https:\/\/startingfrance.com\/fr\/wp-json\/wp\/v2\/pages"}],"about":[{"href":"https:\/\/startingfrance.com\/fr\/wp-json\/wp\/v2\/types\/page"}],"author":[{"embeddable":true,"href":"https:\/\/startingfrance.com\/fr\/wp-json\/wp\/v2\/users\/1"}],"replies":[{"embeddable":true,"href":"https:\/\/startingfrance.com\/fr\/wp-json\/wp\/v2\/comments?post=1199"}],"version-history":[{"count":0,"href":"https:\/\/startingfrance.com\/fr\/wp-json\/wp\/v2\/pages\/1199\/revisions"}],"up":[{"embeddable":true,"href":"https:\/\/startingfrance.com\/fr\/wp-json\/wp\/v2\/pages\/1260"}],"wp:attachment":[{"href":"https:\/\/startingfrance.com\/fr\/wp-json\/wp\/v2\/media?parent=1199"}],"curies":[{"name":"wp","href":"https:\/\/api.w.org\/{rel}","templated":true}]}}